{"id":1149,"date":"2021-09-23T10:01:13","date_gmt":"2021-09-23T10:01:13","guid":{"rendered":"https:\/\/okkwebmedia.net\/life\/?page_id=1149"},"modified":"2022-05-23T08:02:44","modified_gmt":"2022-05-23T08:02:44","slug":"contacto","status":"publish","type":"page","link":"https:\/\/lifequality.ro\/es\/contacto\/","title":{"rendered":"Contacto"},"content":{"rendered":"\t\t<div data-elementor-type=\"wp-page\" data-elementor-id=\"1149\" class=\"elementor elementor-1149\" data-elementor-settings=\"[]\">\n\t\t\t\t\t\t\t<div class=\"elementor-section-wrap\">\n\t\t\t\t\t\t\t<section class=\"elementor-section elementor-top-section elementor-element elementor-element-0106fd6 elementor-section-height-min-height elementor-section-boxed elementor-section-height-default elementor-section-items-middle\" data-id=\"0106fd6\" data-element_type=\"section\" data-settings=\"{&quot;background_background&quot;:&quot;classic&quot;}\">\n\t\t\t\t\t\t\t<div class=\"elementor-background-overlay\"><\/div>\n\t\t\t\t\t\t\t<div class=\"elementor-container elementor-column-gap-default\">\n\t\t\t\t\t<div class=\"elementor-column elementor-col-100 elementor-top-column elementor-element elementor-element-67ef485\" data-id=\"67ef485\" data-element_type=\"column\">\n\t\t\t<div class=\"elementor-widget-wrap elementor-element-populated\">\n\t\t\t\t\t\t\t\t<div class=\"elementor-element elementor-element-aea37b9 text-center elementor-widget elementor-widget-tp-heading-title\" data-id=\"aea37b9\" data-element_type=\"widget\" data-widget_type=\"tp-heading-title.default\">\n\t\t\t\t<div class=\"elementor-widget-container\">\n\t\t\t<div class=\"heading heading_style heading_style69f489e5b9758 style-9 \" ><div class=\"sub-style\" ><div class=\"head-title \" > <h2  class=\"heading-title   \"  data-hover=\"Contacto\">Contacto<\/h2><div class=\"seprator sep-l\" ><span class=\"title-sep sep-l\" ><\/span><div class=\"sep-dot\">.<\/div><span class=\"title-sep sep-r\" ><\/span><\/div><\/div><div class=\"sub-heading\"><h3 class=\"heading-sub-title  \"> Psic\u00f3loga Mara-Theodora Neac\u0219u <\/h3><\/div><\/div><\/div>\t\t<\/div>\n\t\t\t\t<\/div>\n\t\t\t\t\t<\/div>\n\t\t<\/div>\n\t\t\t\t\t\t\t<\/div>\n\t\t<\/section>\n\t\t\t\t<section class=\"elementor-section elementor-top-section elementor-element elementor-element-3cfd479 elementor-section-boxed elementor-section-height-default elementor-section-height-default\" data-id=\"3cfd479\" data-element_type=\"section\" data-settings=\"{&quot;background_background&quot;:&quot;classic&quot;}\">\n\t\t\t\t\t\t<div class=\"elementor-container elementor-column-gap-default\">\n\t\t\t\t\t<div class=\"elementor-column elementor-col-50 elementor-top-column elementor-element elementor-element-a549ee3\" data-id=\"a549ee3\" data-element_type=\"column\">\n\t\t\t<div class=\"elementor-widget-wrap elementor-element-populated\">\n\t\t\t\t\t\t\t\t<div class=\"elementor-element elementor-element-561331d text-left elementor-widget elementor-widget-tp-heading-title\" data-id=\"561331d\" data-element_type=\"widget\" data-widget_type=\"tp-heading-title.default\">\n\t\t\t\t<div class=\"elementor-widget-container\">\n\t\t\t<div class=\"heading heading_style heading_style69f489e5ba390 style-1 \" ><div class=\"sub-style\" ><div class=\"head-title \" > <h2  class=\"heading-title   \"  data-hover=\"Informaci\u00f3n de contacto\">Informaci\u00f3n de contacto<span class=\"title-s \">  <\/span><\/h2><\/div><\/div><\/div>\t\t<\/div>\n\t\t\t\t<\/div>\n\t\t\t\t<div class=\"elementor-element elementor-element-9ad9140 elementor-widget-divider--view-line elementor-widget elementor-widget-divider\" data-id=\"9ad9140\" data-element_type=\"widget\" data-widget_type=\"divider.default\">\n\t\t\t\t<div class=\"elementor-widget-container\">\n\t\t\t\t\t<div class=\"elementor-divider\">\n\t\t\t<span class=\"elementor-divider-separator\">\n\t\t\t\t\t\t<\/span>\n\t\t<\/div>\n\t\t\t\t<\/div>\n\t\t\t\t<\/div>\n\t\t\t\t<div class=\"elementor-element elementor-element-638e8a7 elementor-widget elementor-widget-text-editor\" data-id=\"638e8a7\" data-element_type=\"widget\" data-widget_type=\"text-editor.default\">\n\t\t\t\t<div class=\"elementor-widget-container\">\n\t\t\t\t\t\t\t<p>Me puede contactar en l\u00ednea, por tel\u00e9fono o en mi oficina en Cluj-Napoca.<\/p><p>Si siente que es el momento de iniciar un proceso terap\u00e9utico, de formar parte de un grupo de terapia o quiere iniciar una colaboraci\u00f3n en la parte formativa, quedo a la espera de su mensaje.<\/p>\t\t\t\t\t\t<\/div>\n\t\t\t\t<\/div>\n\t\t\t\t<div class=\"elementor-element elementor-element-35375dc elementor-icon-list--layout-traditional elementor-list-item-link-full_width elementor-widget elementor-widget-icon-list\" data-id=\"35375dc\" data-element_type=\"widget\" data-widget_type=\"icon-list.default\">\n\t\t\t\t<div class=\"elementor-widget-container\">\n\t\t\t\t\t<ul class=\"elementor-icon-list-items\">\n\t\t\t\t\t\t\t<li class=\"elementor-icon-list-item\">\n\t\t\t\t\t\t\t\t\t\t\t<a href=\"tel:0759086937\">\n\n\t\t\t\t\t\t\t\t\t\t\t\t<span class=\"elementor-icon-list-icon\">\n\t\t\t\t\t\t\t<i aria-hidden=\"true\" class=\"fas fa-phone\"><\/i>\t\t\t\t\t\t<\/span>\n\t\t\t\t\t\t\t\t\t\t<span class=\"elementor-icon-list-text\">0759 086 937<\/span>\n\t\t\t\t\t\t\t\t\t\t\t<\/a>\n\t\t\t\t\t\t\t\t\t<\/li>\n\t\t\t\t\t\t\t\t<li class=\"elementor-icon-list-item\">\n\t\t\t\t\t\t\t\t\t\t\t<a href=\"mailto:mara.neacsu@lifequality.ro\">\n\n\t\t\t\t\t\t\t\t\t\t\t\t<span class=\"elementor-icon-list-icon\">\n\t\t\t\t\t\t\t<i aria-hidden=\"true\" class=\"fas fa-envelope\"><\/i>\t\t\t\t\t\t<\/span>\n\t\t\t\t\t\t\t\t\t\t<span class=\"elementor-icon-list-text\">mara.neacsu@lifequality.ro<\/span>\n\t\t\t\t\t\t\t\t\t\t\t<\/a>\n\t\t\t\t\t\t\t\t\t<\/li>\n\t\t\t\t\t\t\t\t<li class=\"elementor-icon-list-item\">\n\t\t\t\t\t\t\t\t\t\t\t<span class=\"elementor-icon-list-icon\">\n\t\t\t\t\t\t\t<i aria-hidden=\"true\" class=\"fas fa-map-marker-alt\"><\/i>\t\t\t\t\t\t<\/span>\n\t\t\t\t\t\t\t\t\t\t<span class=\"elementor-icon-list-text\">Calea Doroban\u021bilor 39-41, Cluj Napoca<\/span>\n\t\t\t\t\t\t\t\t\t<\/li>\n\t\t\t\t\t\t\t\t<li class=\"elementor-icon-list-item\">\n\t\t\t\t\t\t\t\t\t\t\t<span class=\"elementor-icon-list-icon\">\n\t\t\t\t\t\t\t<i aria-hidden=\"true\" class=\"fas fa-clock\"><\/i>\t\t\t\t\t\t<\/span>\n\t\t\t\t\t\t\t\t\t\t<span class=\"elementor-icon-list-text\">Lunes - Viernes: 10am - 6pm<\/span>\n\t\t\t\t\t\t\t\t\t<\/li>\n\t\t\t\t\t\t\t\t<li class=\"elementor-icon-list-item\">\n\t\t\t\t\t\t\t\t\t\t\t<span class=\"elementor-icon-list-icon\">\n\t\t\t\t\t\t\t<i aria-hidden=\"true\" class=\"fas fa-window-close\"><\/i>\t\t\t\t\t\t<\/span>\n\t\t\t\t\t\t\t\t\t\t<span class=\"elementor-icon-list-text\">S\u00e1bado - Domingo: Cerrado<\/span>\n\t\t\t\t\t\t\t\t\t<\/li>\n\t\t\t\t\t\t<\/ul>\n\t\t\t\t<\/div>\n\t\t\t\t<\/div>\n\t\t\t\t<div class=\"elementor-element elementor-element-0f9a564 elementor-widget elementor-widget-html\" data-id=\"0f9a564\" data-element_type=\"widget\" data-widget_type=\"html.default\">\n\t\t\t\t<div class=\"elementor-widget-container\">\n\t\t\t<iframe src=\"https:\/\/www.google.com\/maps\/embed?pb=!1m18!1m12!1m3!1d406.20000515735876!2d23.603972961268294!3d46.77323317560298!2m3!1f0!2f0!3f0!3m2!1i1024!2i768!4f13.1!3m3!1m2!1s0x47490df5e65e6f49%3A0xf711458cd9f6b312!2sLife%20Quality!5e0!3m2!1sen!2sro!4v1645768987754!5m2!1sen!2sro\" width=\"600\" height=\"450\" style=\"border:0;\" allowfullscreen=\"\" loading=\"lazy\"><\/iframe>\t\t<\/div>\n\t\t\t\t<\/div>\n\t\t\t\t\t<\/div>\n\t\t<\/div>\n\t\t\t\t<div class=\"elementor-column elementor-col-50 elementor-top-column elementor-element elementor-element-42b2ebb\" data-id=\"42b2ebb\" data-element_type=\"column\">\n\t\t\t<div class=\"elementor-widget-wrap elementor-element-populated\">\n\t\t\t\t\t\t\t\t<div class=\"elementor-element elementor-element-e3e074f text-left elementor-widget elementor-widget-tp-heading-title\" data-id=\"e3e074f\" data-element_type=\"widget\" data-widget_type=\"tp-heading-title.default\">\n\t\t\t\t<div class=\"elementor-widget-container\">\n\t\t\t<div class=\"heading heading_style heading_style69f489e5bc517 style-1 \" ><div class=\"sub-style\" ><div class=\"head-title \" > <h2  class=\"heading-title   \"  data-hover=\"\u00bfC\u00f3mo te puedo ayudar?\">\u00bfC\u00f3mo te puedo ayudar?<span class=\"title-s \">  <\/span><\/h2><\/div><\/div><\/div>\t\t<\/div>\n\t\t\t\t<\/div>\n\t\t\t\t<div class=\"elementor-element elementor-element-4a91e1b elementor-widget-divider--view-line elementor-widget elementor-widget-divider\" data-id=\"4a91e1b\" data-element_type=\"widget\" data-widget_type=\"divider.default\">\n\t\t\t\t<div class=\"elementor-widget-container\">\n\t\t\t\t\t<div class=\"elementor-divider\">\n\t\t\t<span class=\"elementor-divider-separator\">\n\t\t\t\t\t\t<\/span>\n\t\t<\/div>\n\t\t\t\t<\/div>\n\t\t\t\t<\/div>\n\t\t\t\t<div class=\"elementor-element elementor-element-bbdd9bd elementor-widget elementor-widget-text-editor\" data-id=\"bbdd9bd\" data-element_type=\"widget\" data-widget_type=\"text-editor.default\">\n\t\t\t\t<div class=\"elementor-widget-container\">\n\t\t\t\t\t\t\t<p>Completa la informaci\u00f3n y escribe aqu\u00ed abajo de deseas que contacte contigo.<\/p>\t\t\t\t\t\t<\/div>\n\t\t\t\t<\/div>\n\t\t\t\t<div class=\"elementor-element elementor-element-db3b183 eael-contact-form-7-button-full-width elementor-widget elementor-widget-eael-contact-form-7\" data-id=\"db3b183\" data-element_type=\"widget\" data-widget_type=\"eael-contact-form-7.default\">\n\t\t\t\t<div class=\"elementor-widget-container\">\n\t\t\t<div class=\"eael-contact-form-7-wrapper\">\n                <div class=\"eael-contact-form eael-contact-form-7 eael-contact-form-db3b183 placeholder-show eael-custom-radio-checkbox eael-contact-form-align-default\"><div role=\"form\" class=\"wpcf7\" id=\"wpcf7-f7-o1\" lang=\"ro-RO\" dir=\"ltr\">\n<div class=\"screen-reader-response\"><p role=\"status\" aria-live=\"polite\" aria-atomic=\"true\"><\/p> <ul><\/ul><\/div>\n<form action=\"\/es\/wp-json\/wp\/v2\/pages\/1149#wpcf7-f7-o1\" method=\"post\" class=\"wpcf7-form init\" novalidate=\"novalidate\" data-status=\"init\">\n<div style=\"display: none;\">\n<input type=\"hidden\" name=\"_wpcf7\" value=\"7\" \/>\n<input type=\"hidden\" name=\"_wpcf7_version\" value=\"5.4.2\" \/>\n<input type=\"hidden\" name=\"_wpcf7_locale\" value=\"ro_RO\" \/>\n<input type=\"hidden\" name=\"_wpcf7_unit_tag\" value=\"wpcf7-f7-o1\" \/>\n<input type=\"hidden\" name=\"_wpcf7_container_post\" value=\"0\" \/>\n<input type=\"hidden\" name=\"_wpcf7_posted_data_hash\" value=\"\" \/>\n<\/div>\n<p><label class=\"name-input\"> Apellido Nombre <span class=\"required\">*<\/span> <span class=\"wpcf7-form-control-wrap your-name\"><input type=\"text\" name=\"your-name\" value=\"\" size=\"40\" class=\"wpcf7-form-control wpcf7-text wpcf7-validates-as-required\" aria-required=\"true\" aria-invalid=\"false\" \/><\/span><\/label><label class=\"name-input\"> Correo electr\u00f3nico <span class=\"required\">*<\/span><span class=\"wpcf7-form-control-wrap your-name2\"><input type=\"text\" name=\"your-name2\" value=\"\" size=\"40\" class=\"wpcf7-form-control wpcf7-text wpcf7-validates-as-required\" aria-required=\"true\" aria-invalid=\"false\" \/><\/span> <\/label><\/p>\n<p><label class=\"name-input\"> Email <span class=\"required\">*<\/span> <span class=\"wpcf7-form-control-wrap your-email\"><input type=\"email\" name=\"your-email\" value=\"\" size=\"40\" class=\"wpcf7-form-control wpcf7-text wpcf7-email wpcf7-validates-as-required wpcf7-validates-as-email\" aria-required=\"true\" aria-invalid=\"false\" \/><\/span><\/label><label class=\"name-input\"> Tel\u00e9fono <span class=\"required\">*<\/span><span class=\"wpcf7-form-control-wrap your-tel\"><input type=\"tel\" name=\"your-tel\" value=\"\" size=\"40\" class=\"wpcf7-form-control wpcf7-text wpcf7-tel wpcf7-validates-as-required wpcf7-validates-as-tel\" aria-required=\"true\" aria-invalid=\"false\" \/><\/span> <\/label><\/p>\n<p><label> \u00bfC\u00f3mo le puedo ayudar? <span class=\"required\">*<\/span><br \/>\n    <span class=\"wpcf7-form-control-wrap your-message\"><textarea name=\"your-message\" cols=\"40\" rows=\"5\" class=\"wpcf7-form-control wpcf7-textarea wpcf7-validates-as-required\" aria-required=\"true\" aria-invalid=\"false\" placeholder=\"Escriba la dificultad que afronta o si est\u00e1 consultando a un psiquiatra.\"><\/textarea><\/span> <\/label><\/p>\n<p><label> Elija un servicio <span class=\"required\">*<\/span><br \/>\n    <span class=\"wpcf7-form-control-wrap services\"><select name=\"services\" class=\"wpcf7-form-control wpcf7-select wpcf7-validates-as-required\" aria-required=\"true\" aria-invalid=\"false\"><option value=\"Psicoterapia individual\">Psicoterapia individual<\/option><option value=\"Psicoterapia online\">Psicoterapia online<\/option><option value=\"Terapia de pareja\">Terapia de pareja<\/option><option value=\"Grupo de apoyo\">Grupo de apoyo<\/option><option value=\"Curso \/ Seminario\">Curso \/ Seminario<\/option><\/select><\/span> <\/label><\/p>\n<p><label> \u00bfQu\u00e9 d\u00eda prefiere? <span class=\"required\">*<\/span><br \/>\n    <span class=\"wpcf7-form-control-wrap days\"><span class=\"wpcf7-form-control wpcf7-checkbox\"><span class=\"wpcf7-list-item first\"><label><input type=\"checkbox\" name=\"days[]\" value=\"Lunes\" \/><span class=\"wpcf7-list-item-label\">Lunes<\/span><\/label><\/span><span class=\"wpcf7-list-item\"><label><input type=\"checkbox\" name=\"days[]\" value=\"Martes\" \/><span class=\"wpcf7-list-item-label\">Martes<\/span><\/label><\/span><span class=\"wpcf7-list-item\"><label><input type=\"checkbox\" name=\"days[]\" value=\"Mi\u00e9rcoles\" \/><span class=\"wpcf7-list-item-label\">Mi\u00e9rcoles<\/span><\/label><\/span><span class=\"wpcf7-list-item\"><label><input type=\"checkbox\" name=\"days[]\" value=\"Jueves\" \/><span class=\"wpcf7-list-item-label\">Jueves<\/span><\/label><\/span><span class=\"wpcf7-list-item last\"><label><input type=\"checkbox\" name=\"days[]\" value=\"Viernes\" \/><span class=\"wpcf7-list-item-label\">Viernes<\/span><\/label><\/span><\/span><\/span> <\/label><\/p>\n<p><label> \u00bfEn qu\u00e9 momento del d\u00eda prefiere? <span class=\"required\">*<\/span><br \/>\n    <span class=\"wpcf7-form-control-wrap daytime\"><span class=\"wpcf7-form-control wpcf7-checkbox wpcf7-validates-as-required\"><span class=\"wpcf7-list-item first\"><label><input type=\"checkbox\" name=\"daytime[]\" value=\"Primera mitad del d\u00eda 10.00 - 14.00\" \/><span class=\"wpcf7-list-item-label\">Primera mitad del d\u00eda 10.00 - 14.00<\/span><\/label><\/span><span class=\"wpcf7-list-item last\"><label><input type=\"checkbox\" name=\"daytime[]\" value=\"Segunda mitad del d\u00eda 14.00 - 18.00\" \/><span class=\"wpcf7-list-item-label\">Segunda mitad del d\u00eda 14.00 - 18.00<\/span><\/label><\/span><\/span><\/span> <\/label><\/p>\n<p><span class=\"wpcf7-form-control-wrap your-acceptance\"><span class=\"wpcf7-form-control wpcf7-acceptance\"><span class=\"wpcf7-list-item\"><label><input type=\"checkbox\" name=\"your-acceptance\" value=\"1\" aria-invalid=\"false\" \/><span class=\"wpcf7-list-item-label\">He le\u00eddo y acepto los t\u00e9rminos y condiciones.<\/span><\/label><\/span><\/span><\/span><\/p>\n<p><input type=\"submit\" value=\"Enviar\" class=\"wpcf7-form-control wpcf7-submit\" \/><\/p>\n<div class=\"wpcf7-response-output\" aria-hidden=\"true\"><\/div><\/form><\/div><\/div>\n            <\/div>\t\t<\/div>\n\t\t\t\t<\/div>\n\t\t\t\t\t<\/div>\n\t\t<\/div>\n\t\t\t\t\t\t\t<\/div>\n\t\t<\/section>\n\t\t\t\t\t\t<\/div>\n\t\t\t\t\t<\/div>\n\t\t","protected":false},"excerpt":{"rendered":"<p>Contacto . Psic\u00f3loga Mara-Theodora Neac\u0219u Informaci\u00f3n de contacto Me puede contactar en l\u00ednea, por tel\u00e9fono o en mi oficina en Cluj-Napoca. Si siente que es el momento de iniciar un proceso terap\u00e9utico, de formar parte de un grupo de terapia o quiere iniciar una colaboraci\u00f3n en la parte formativa, quedo &hellip; <\/p>\n","protected":false},"author":1,"featured_media":0,"parent":0,"menu_order":0,"comment_status":"closed","ping_status":"closed","template":"","meta":[],"yoast_head":"<!-- This site is optimized with the Yoast SEO plugin v18.1 - https:\/\/yoast.com\/wordpress\/plugins\/seo\/ -->\n<title>Contacto Psic\u00f3loga Mara-Theodora Neac\u0219u | Psicoterapia en Cluj Napoca<\/title>\n<meta name=\"description\" content=\"Contacto Psic\u00f3loga Mara-Theodora Neac\u0219u, informaci\u00f3n de contacto. Psicoterapia en Cluj Napoca o para sesiones online. Life Quality.\" \/>\n<meta name=\"robots\" content=\"index, follow, max-snippet:-1, max-image-preview:large, max-video-preview:-1\" \/>\n<link rel=\"canonical\" href=\"https:\/\/lifequality.ro\/es\/contacto\/\" \/>\n<meta property=\"og:locale\" content=\"ro_RO\" \/>\n<meta property=\"og:type\" content=\"article\" \/>\n<meta property=\"og:title\" content=\"Contacto Psic\u00f3loga Mara-Theodora Neac\u0219u | Psicoterapia en Cluj Napoca\" \/>\n<meta property=\"og:description\" content=\"Contacto Psic\u00f3loga Mara-Theodora Neac\u0219u, informaci\u00f3n de contacto. Psicoterapia en Cluj Napoca o para sesiones online. Life Quality.\" \/>\n<meta property=\"og:url\" content=\"https:\/\/lifequality.ro\/es\/contacto\/\" \/>\n<meta property=\"og:site_name\" content=\"Life Quality\" \/>\n<meta property=\"article:modified_time\" content=\"2022-05-23T08:02:44+00:00\" \/>\n<meta name=\"twitter:card\" content=\"summary_large_image\" \/>\n<meta name=\"twitter:label1\" content=\"Est. reading time\" \/>\n\t<meta name=\"twitter:data1\" content=\"1 minut\" \/>\n<script type=\"application\/ld+json\" class=\"yoast-schema-graph\">{\"@context\":\"https:\/\/schema.org\",\"@graph\":[{\"@type\":\"WebSite\",\"@id\":\"https:\/\/lifequality.ro\/es\/#website\",\"url\":\"https:\/\/lifequality.ro\/es\/\",\"name\":\"Life Quality\",\"description\":\"Life Quality\",\"potentialAction\":[{\"@type\":\"SearchAction\",\"target\":{\"@type\":\"EntryPoint\",\"urlTemplate\":\"https:\/\/lifequality.ro\/es\/?s={search_term_string}\"},\"query-input\":\"required name=search_term_string\"}],\"inLanguage\":\"ro-RO\"},{\"@type\":\"WebPage\",\"@id\":\"https:\/\/lifequality.ro\/es\/contacto\/#webpage\",\"url\":\"https:\/\/lifequality.ro\/es\/contacto\/\",\"name\":\"Contacto Psic\u00f3loga Mara-Theodora Neac\u0219u | Psicoterapia en Cluj Napoca\",\"isPartOf\":{\"@id\":\"https:\/\/lifequality.ro\/es\/#website\"},\"datePublished\":\"2021-09-23T10:01:13+00:00\",\"dateModified\":\"2022-05-23T08:02:44+00:00\",\"description\":\"Contacto Psic\u00f3loga Mara-Theodora Neac\u0219u, informaci\u00f3n de contacto. Psicoterapia en Cluj Napoca o para sesiones online. Life Quality.\",\"breadcrumb\":{\"@id\":\"https:\/\/lifequality.ro\/es\/contacto\/#breadcrumb\"},\"inLanguage\":\"ro-RO\",\"potentialAction\":[{\"@type\":\"ReadAction\",\"target\":[\"https:\/\/lifequality.ro\/es\/contacto\/\"]}]},{\"@type\":\"BreadcrumbList\",\"@id\":\"https:\/\/lifequality.ro\/es\/contacto\/#breadcrumb\",\"itemListElement\":[{\"@type\":\"ListItem\",\"position\":1,\"name\":\"Home\",\"item\":\"https:\/\/lifequality.ro\/es\/\"},{\"@type\":\"ListItem\",\"position\":2,\"name\":\"Contacto\"}]}]}<\/script>\n<!-- \/ Yoast SEO plugin. -->","yoast_head_json":{"title":"Contacto Psic\u00f3loga Mara-Theodora Neac\u0219u | Psicoterapia en Cluj Napoca","description":"Contacto Psic\u00f3loga Mara-Theodora Neac\u0219u, informaci\u00f3n de contacto. Psicoterapia en Cluj Napoca o para sesiones online. Life Quality.","robots":{"index":"index","follow":"follow","max-snippet":"max-snippet:-1","max-image-preview":"max-image-preview:large","max-video-preview":"max-video-preview:-1"},"canonical":"https:\/\/lifequality.ro\/es\/contacto\/","og_locale":"ro_RO","og_type":"article","og_title":"Contacto Psic\u00f3loga Mara-Theodora Neac\u0219u | Psicoterapia en Cluj Napoca","og_description":"Contacto Psic\u00f3loga Mara-Theodora Neac\u0219u, informaci\u00f3n de contacto. Psicoterapia en Cluj Napoca o para sesiones online. Life Quality.","og_url":"https:\/\/lifequality.ro\/es\/contacto\/","og_site_name":"Life Quality","article_modified_time":"2022-05-23T08:02:44+00:00","twitter_card":"summary_large_image","twitter_misc":{"Est. reading time":"1 minut"},"schema":{"@context":"https:\/\/schema.org","@graph":[{"@type":"WebSite","@id":"https:\/\/lifequality.ro\/es\/#website","url":"https:\/\/lifequality.ro\/es\/","name":"Life Quality","description":"Life Quality","potentialAction":[{"@type":"SearchAction","target":{"@type":"EntryPoint","urlTemplate":"https:\/\/lifequality.ro\/es\/?s={search_term_string}"},"query-input":"required name=search_term_string"}],"inLanguage":"ro-RO"},{"@type":"WebPage","@id":"https:\/\/lifequality.ro\/es\/contacto\/#webpage","url":"https:\/\/lifequality.ro\/es\/contacto\/","name":"Contacto Psic\u00f3loga Mara-Theodora Neac\u0219u | Psicoterapia en Cluj Napoca","isPartOf":{"@id":"https:\/\/lifequality.ro\/es\/#website"},"datePublished":"2021-09-23T10:01:13+00:00","dateModified":"2022-05-23T08:02:44+00:00","description":"Contacto Psic\u00f3loga Mara-Theodora Neac\u0219u, informaci\u00f3n de contacto. Psicoterapia en Cluj Napoca o para sesiones online. Life Quality.","breadcrumb":{"@id":"https:\/\/lifequality.ro\/es\/contacto\/#breadcrumb"},"inLanguage":"ro-RO","potentialAction":[{"@type":"ReadAction","target":["https:\/\/lifequality.ro\/es\/contacto\/"]}]},{"@type":"BreadcrumbList","@id":"https:\/\/lifequality.ro\/es\/contacto\/#breadcrumb","itemListElement":[{"@type":"ListItem","position":1,"name":"Home","item":"https:\/\/lifequality.ro\/es\/"},{"@type":"ListItem","position":2,"name":"Contacto"}]}]}},"_links":{"self":[{"href":"https:\/\/lifequality.ro\/es\/wp-json\/wp\/v2\/pages\/1149"}],"collection":[{"href":"https:\/\/lifequality.ro\/es\/wp-json\/wp\/v2\/pages"}],"about":[{"href":"https:\/\/lifequality.ro\/es\/wp-json\/wp\/v2\/types\/page"}],"author":[{"embeddable":true,"href":"https:\/\/lifequality.ro\/es\/wp-json\/wp\/v2\/users\/1"}],"replies":[{"embeddable":true,"href":"https:\/\/lifequality.ro\/es\/wp-json\/wp\/v2\/comments?post=1149"}],"version-history":[{"count":172,"href":"https:\/\/lifequality.ro\/es\/wp-json\/wp\/v2\/pages\/1149\/revisions"}],"predecessor-version":[{"id":2198,"href":"https:\/\/lifequality.ro\/es\/wp-json\/wp\/v2\/pages\/1149\/revisions\/2198"}],"wp:attachment":[{"href":"https:\/\/lifequality.ro\/es\/wp-json\/wp\/v2\/media?parent=1149"}],"curies":[{"name":"wp","href":"https:\/\/api.w.org\/{rel}","templated":true}]}}