{"id":1348,"date":"2021-09-23T12:40:47","date_gmt":"2021-09-23T12:40:47","guid":{"rendered":"https:\/\/okkwebmedia.net\/life\/?page_id=1348"},"modified":"2022-03-25T10:34:02","modified_gmt":"2022-03-25T10:34:02","slug":"preguntas-frecuentes","status":"publish","type":"page","link":"https:\/\/lifequality.ro\/es\/preguntas-frecuentes\/","title":{"rendered":"Preguntas frecuentes"},"content":{"rendered":"\t\t<div data-elementor-type=\"wp-page\" data-elementor-id=\"1348\" class=\"elementor elementor-1348\" data-elementor-settings=\"[]\">\n\t\t\t\t\t\t\t<div class=\"elementor-section-wrap\">\n\t\t\t\t\t\t\t<section class=\"elementor-section elementor-top-section elementor-element elementor-element-0106fd6 elementor-section-height-min-height elementor-section-boxed elementor-section-height-default elementor-section-items-middle\" data-id=\"0106fd6\" data-element_type=\"section\" data-settings=\"{&quot;background_background&quot;:&quot;classic&quot;}\">\n\t\t\t\t\t\t\t<div class=\"elementor-background-overlay\"><\/div>\n\t\t\t\t\t\t\t<div class=\"elementor-container elementor-column-gap-default\">\n\t\t\t\t\t<div class=\"elementor-column elementor-col-100 elementor-top-column elementor-element elementor-element-67ef485\" data-id=\"67ef485\" data-element_type=\"column\">\n\t\t\t<div class=\"elementor-widget-wrap elementor-element-populated\">\n\t\t\t\t\t\t\t\t<div class=\"elementor-element elementor-element-aea37b9 text-center elementor-widget elementor-widget-tp-heading-title\" data-id=\"aea37b9\" data-element_type=\"widget\" data-widget_type=\"tp-heading-title.default\">\n\t\t\t\t<div class=\"elementor-widget-container\">\n\t\t\t<div class=\"heading heading_style heading_style69f48bc88b785 style-9 \" ><div class=\"sub-style\" ><div class=\"head-title \" > <h2  class=\"heading-title   \"  data-hover=\"\u00centreb\u0103ri frecvente\">\u00centreb\u0103ri frecvente<\/h2><div class=\"seprator sep-l\" ><span class=\"title-sep sep-l\" ><\/span><div class=\"sep-dot\">.<\/div><span class=\"title-sep sep-r\" ><\/span><\/div><\/div><div class=\"sub-heading\"><h3 class=\"heading-sub-title  \"> Psiholog Mara-Theodora Neac\u0219u <\/h3><\/div><\/div><\/div>\t\t<\/div>\n\t\t\t\t<\/div>\n\t\t\t\t\t<\/div>\n\t\t<\/div>\n\t\t\t\t\t\t\t<\/div>\n\t\t<\/section>\n\t\t\t\t<section class=\"elementor-section elementor-top-section elementor-element elementor-element-2d0ad7c elementor-section-boxed elementor-section-height-default elementor-section-height-default\" data-id=\"2d0ad7c\" data-element_type=\"section\">\n\t\t\t\t\t\t<div class=\"elementor-container elementor-column-gap-default\">\n\t\t\t\t\t<div class=\"elementor-column elementor-col-50 elementor-top-column elementor-element elementor-element-e456604\" data-id=\"e456604\" data-element_type=\"column\">\n\t\t\t<div class=\"elementor-widget-wrap elementor-element-populated\">\n\t\t\t\t\t\t\t\t<div class=\"elementor-element elementor-element-2a8ec51 elementor-widget elementor-widget-text-editor\" data-id=\"2a8ec51\" data-element_type=\"widget\" data-widget_type=\"text-editor.default\">\n\t\t\t\t<div class=\"elementor-widget-container\">\n\t\t\t\t\t\t\t<p>Tot felul de \u00eentreb\u0103ri ne trec prin minte atunci c\u00e2nd ne g\u00e2ndim s\u0103 mergem la psiholog. Mai jos avem o selec\u021bie dintre cele mai frecvente adresate de clien\u021bi.<\/p>\t\t\t\t\t\t<\/div>\n\t\t\t\t<\/div>\n\t\t\t\t<div class=\"elementor-element elementor-element-febcd0b home-faq elementor-widget elementor-widget-eael-adv-accordion\" data-id=\"febcd0b\" data-element_type=\"widget\" data-widget_type=\"eael-adv-accordion.default\">\n\t\t\t\t<div class=\"elementor-widget-container\">\n\t\t\t        <div class=\"eael-adv-accordion\" id=\"eael-adv-accordion-febcd0b\" data-accordion-id=\"febcd0b\" data-accordion-type=\"toggle\" data-toogle-speed=\"300\">\n    <div class=\"eael-accordion-list\">\n                <div id=\"cum-tiu-c-este-momentul-s-merg-la-psiholog\" class=\"elementor-tab-title eael-accordion-header\" tabindex=\"2671\" data-tab=\"1\" role=\"tab\" aria-controls=\"elementor-tab-content-2671\"><i aria-hidden=\"true\" class=\"fa-accordion-icon fas fa-plus-circle\"><\/i><span class=\"eael-accordion-tab-title\">Cum \u0219tiu c\u0103 este momentul s\u0103 merg la psiholog?<\/span><\/div><div id=\"elementor-tab-content-2671\" class=\"eael-accordion-content clearfix\" data-tab=\"1\" role=\"tabpanel\" aria-labelledby=\"cum-tiu-c-este-momentul-s-merg-la-psiholog\"><p><p>Dac\u0103 \u021bi-a trecut prin minte c\u0103 ai vrea s\u0103 mergi, sau cineva apropiat este \u00eengrijorat pentru tine \u0219i \u021bi-a spus c\u0103 asta te-ar putea ajuta, atunci poate este momentul. Sunt multe motive pentru care oamenii apeleaz\u0103 la psiholog. Unele dintre ele pot fi: sim\u021bi c\u0103 ai unele emo\u021bii foarte intense care \u00ee\u021bi afecteaz\u0103 via\u021ba de zi cu zi, rela\u021biile tale nu sunt a\u0219a cum \u021bi-ai dori, nu reu\u0219e\u0219ti s\u0103 faci ce \u021bi-ai propus, nu i\u021bi mai place s\u0103 faci nimic \u0219i nu \u00ee\u021bi g\u0103se\u0219ti locul, nu \u0219tii cum s\u0103 treci peste anumite momente, te sim\u021bi cople\u0219it de stres, ai probleme de natur\u0103 sexual\u0103, \u00ee\u021bi dore\u0219ti s\u0103 \u00ee\u021bi gestionezi mai bine timpul, vrei s\u0103 te cuno\u0219ti mai bine sau s\u0103 faci o schimbare \u00een via\u021ba ta etc.<\/p><\/p><\/div>\n                <\/div><div class=\"eael-accordion-list\">\n                <div id=\"-ct-dureaz-procesul-de-consilierepsihoterapie\" class=\"elementor-tab-title eael-accordion-header\" tabindex=\"2672\" data-tab=\"2\" role=\"tab\" aria-controls=\"elementor-tab-content-2672\"><i aria-hidden=\"true\" class=\"fa-accordion-icon fas fa-plus-circle\"><\/i><span class=\"eael-accordion-tab-title\"> C\u00e2t dureaz\u0103 procesul de consiliere\/psihoterapie?<\/span><\/div><div id=\"elementor-tab-content-2672\" class=\"eael-accordion-content clearfix\" data-tab=\"2\" role=\"tabpanel\" aria-labelledby=\"-ct-dureaz-procesul-de-consilierepsihoterapie\"><p><p>Fiecare persoan\u0103 este diferit\u0103, cu nevoi \u0219i resurse diferite. Un proces terapeutic poate dura de la c\u00e2teva luni p\u00e2n\u0103 la c\u00e2\u021biva ani. Rolul terapiei este de a ajuta clientul s\u0103 \u00ee\u0219i ating\u0103 obiectivele \u0219i de a \u00eel \u00eenv\u0103\u021ba s\u0103 devin\u0103 autonom \u00een gestionarea situa\u021biilor dificile. Bine\u00eenteles, dup\u0103 finalizarea procesului clientul poate reveni \u00een terapie atunci c\u00e2nd are nevoie.<\/p><\/p><\/div>\n                <\/div><div class=\"eael-accordion-list\">\n                <div id=\"-pot-merge-la-psiholog-doar-pentru-dezvoltare-personal\" class=\"elementor-tab-title eael-accordion-header\" tabindex=\"2673\" data-tab=\"3\" role=\"tab\" aria-controls=\"elementor-tab-content-2673\"><i aria-hidden=\"true\" class=\"fa-accordion-icon fas fa-plus-circle\"><\/i><span class=\"eael-accordion-tab-title\"> Pot merge la psiholog doar pentru dezvoltare personal\u0103?<\/span><\/div><div id=\"elementor-tab-content-2673\" class=\"eael-accordion-content clearfix\" data-tab=\"3\" role=\"tabpanel\" aria-labelledby=\"-pot-merge-la-psiholog-doar-pentru-dezvoltare-personal\"><p><p>Da! Dac\u0103 vrei s\u0103 te cuno\u0219ti mai bine, s\u0103 \u00ee\u021bi \u00eembun\u0103t\u0103\u021be\u0219ti rela\u021biile, s\u0103 faci anumite schimb\u0103ri \u00een via\u021b\u0103, s\u0103 \u00ee\u021bi gestionezi mai bine timpul sau pur \u0219i simplu pentru cre\u0219terea ta personal\u0103, po\u021bi apela la un psiholog.<\/p><\/p><\/div>\n                <\/div><div class=\"eael-accordion-list\">\n                <div id=\"de-ce-s-apelez-la-terapia-de-cuplu\" class=\"elementor-tab-title eael-accordion-header\" tabindex=\"2674\" data-tab=\"4\" role=\"tab\" aria-controls=\"elementor-tab-content-2674\"><i aria-hidden=\"true\" class=\"fa-accordion-icon fas fa-plus-circle\"><\/i><span class=\"eael-accordion-tab-title\">De ce s\u0103 apelez la terapia de cuplu?<\/span><\/div><div id=\"elementor-tab-content-2674\" class=\"eael-accordion-content clearfix\" data-tab=\"4\" role=\"tabpanel\" aria-labelledby=\"de-ce-s-apelez-la-terapia-de-cuplu\"><p><p>Dac\u0103 sim\u021bi nevoia de a \u00eembun\u0103t\u0103\u021bi rela\u021bia ta de cuplu, po\u021bi apela la psiholog. Oamenii merg pentru diferite motive la terapia de cuplu, \u00eens\u0103 c\u00e2teva exemple pot fi: distan\u021barea emo\u021bional\u0103, certuri dese, probleme legate de parenting, infertilitate, via\u021ba sexual\u0103, dificult\u0103\u021bi financiare, infidelitate, partenerii vor s\u0103 \u00eenve\u021be s\u0103 comunice mai bine \u0219i multe altele.<\/p><\/p><\/div>\n                <\/div><div class=\"eael-accordion-list\">\n                <div id=\"se-poate-face-terapie-i-online\" class=\"elementor-tab-title eael-accordion-header\" tabindex=\"2675\" data-tab=\"5\" role=\"tab\" aria-controls=\"elementor-tab-content-2675\"><i aria-hidden=\"true\" class=\"fa-accordion-icon fas fa-plus-circle\"><\/i><span class=\"eael-accordion-tab-title\">Se poate face terapie \u0219i online?<\/span><\/div><div id=\"elementor-tab-content-2675\" class=\"eael-accordion-content clearfix\" data-tab=\"5\" role=\"tabpanel\" aria-labelledby=\"se-poate-face-terapie-i-online\"><p><p>Da, sunt oferite \u0219i servicii online pentru cei din afara Clujului sau a \u021b\u0103rii.<\/p><\/p><\/div>\n                <\/div><\/div>\t\t<\/div>\n\t\t\t\t<\/div>\n\t\t\t\t<div class=\"elementor-element elementor-element-734a194 home-faq elementor-widget elementor-widget-eael-adv-accordion\" data-id=\"734a194\" data-element_type=\"widget\" data-widget_type=\"eael-adv-accordion.default\">\n\t\t\t\t<div class=\"elementor-widget-container\">\n\t\t\t        <div class=\"eael-adv-accordion\" id=\"eael-adv-accordion-734a194\" data-accordion-id=\"734a194\" data-accordion-type=\"toggle\" data-toogle-speed=\"300\">\n    <div class=\"eael-accordion-list\">\n                <div id=\"-ce-fel-de-consilierepsihoterapie-este-oferit\" class=\"elementor-tab-title eael-accordion-header\" tabindex=\"1201\" data-tab=\"1\" role=\"tab\" aria-controls=\"elementor-tab-content-1201\"><i aria-hidden=\"true\" class=\"fa-accordion-icon fas fa-plus-circle\"><\/i><span class=\"eael-accordion-tab-title\"> Ce fel de consiliere\/psihoterapie este oferit\u0103?<\/span><\/div><div id=\"elementor-tab-content-1201\" class=\"eael-accordion-content clearfix\" data-tab=\"1\" role=\"tabpanel\" aria-labelledby=\"-ce-fel-de-consilierepsihoterapie-este-oferit\"><p><p>Mara este format\u0103 la baz\u0103 \u00een psihoterapie cognitiv-comportamental\u0103 \u0219i abordeaz\u0103 psihoterapia \u0219i consilierea \u00een mod integrativ, folosind tehnici din mai multe paradigme psihologice, alese special \u0219i adaptate pentru nevoile specifice ale clientului. A\u0219adar, ne folosim at\u00e2t de \u0219tiin\u021b\u0103 \u0219i structur\u0103, c\u00e2t \u0219i de metafore \u0219i creativitate.<\/p><\/p><\/div>\n                <\/div><div class=\"eael-accordion-list\">\n                <div id=\"cum-pot-face-parte-dintr-un-grup-de-terapie\" class=\"elementor-tab-title eael-accordion-header\" tabindex=\"1202\" data-tab=\"2\" role=\"tab\" aria-controls=\"elementor-tab-content-1202\"><i aria-hidden=\"true\" class=\"fa-accordion-icon fas fa-plus-circle\"><\/i><span class=\"eael-accordion-tab-title\">Cum pot face parte dintr-un grup de terapie?<\/span><\/div><div id=\"elementor-tab-content-1202\" class=\"eael-accordion-content clearfix\" data-tab=\"2\" role=\"tabpanel\" aria-labelledby=\"cum-pot-face-parte-dintr-un-grup-de-terapie\"><p><p>Grupurile de terapie sau de suport se vor forma doar dac\u0103 exist\u0103 minim 7 persoane interesate. Dac\u0103 te intereseaz\u0103, trimite un mail pe <a href=\"mailto:mara.neacsu@lifequality.ro\">mara.neacsu@lifequality.ro<\/a> pentru a-\u021bi ar\u0103ta interesul de a participa. Dup\u0103 ce se adun\u0103 7 doritori, se va construi un grup \u0219i vei fi contactat\/\u0103. De asemenea, vor exista momente \u00een care se va promova \u00eenceperea unui grup.<\/p><\/p><\/div>\n                <\/div><div class=\"eael-accordion-list\">\n                <div id=\"pot-veni-chiar-dac-nu-cunosc-limba-romna\" class=\"elementor-tab-title eael-accordion-header\" tabindex=\"1203\" data-tab=\"3\" role=\"tab\" aria-controls=\"elementor-tab-content-1203\"><i aria-hidden=\"true\" class=\"fa-accordion-icon fas fa-plus-circle\"><\/i><span class=\"eael-accordion-tab-title\">Pot veni chiar dac\u0103 nu cunosc limba rom\u00e2na?<\/span><\/div><div id=\"elementor-tab-content-1203\" class=\"eael-accordion-content clearfix\" data-tab=\"3\" role=\"tabpanel\" aria-labelledby=\"pot-veni-chiar-dac-nu-cunosc-limba-romna\"><p><p>Da, pe l\u00e2nga limba rom\u00e2n\u0103, Mara cunoa\u0219te limba englez\u0103 \u0219i limba spaniol\u0103.<\/p><\/p><\/div>\n                <\/div><div class=\"eael-accordion-list\">\n                <div id=\"am-mai-fost-la-psiholog-dar-nu-mi-a-plcut-mai-are-rost-s-ncerc\" class=\"elementor-tab-title eael-accordion-header\" tabindex=\"1204\" data-tab=\"4\" role=\"tab\" aria-controls=\"elementor-tab-content-1204\"><i aria-hidden=\"true\" class=\"fa-accordion-icon fas fa-plus-circle\"><\/i><span class=\"eael-accordion-tab-title\">Am mai fost la psiholog, dar nu mi-a pl\u0103cut. Mai are rost s\u0103 \u00eencerc?<\/span><\/div><div id=\"elementor-tab-content-1204\" class=\"eael-accordion-content clearfix\" data-tab=\"4\" role=\"tabpanel\" aria-labelledby=\"am-mai-fost-la-psiholog-dar-nu-mi-a-plcut-mai-are-rost-s-ncerc\"><p><p>Da! Rela\u021bia terapeutic\u0103 este foarte important\u0103 \u00een procesul de terapie, \u00eens\u0103 nu to\u021bi clien\u021bii se potrivesc cu to\u021bi terapeu\u021bii. Este foarte important s\u0103 \u00ee\u021bi plac\u0103 psihoterapeutul la care mergi \u0219i s\u0103 ai \u00eencredere \u00een el. Po\u021bi \u00eencerca s\u0103 mergi la altcineva s\u0103 vezi dac\u0103 \u00ee\u021bi place mai mult.<\/p><\/p><\/div>\n                <\/div><div class=\"eael-accordion-list\">\n                <div id=\"care-este-diferena-dintre-psiholog-i-psihiatru\" class=\"elementor-tab-title eael-accordion-header\" tabindex=\"1205\" data-tab=\"5\" role=\"tab\" aria-controls=\"elementor-tab-content-1205\"><i aria-hidden=\"true\" class=\"fa-accordion-icon fas fa-plus-circle\"><\/i><span class=\"eael-accordion-tab-title\">Care este diferen\u021ba dintre psiholog \u0219i psihiatru?<\/span><\/div><div id=\"elementor-tab-content-1205\" class=\"eael-accordion-content clearfix\" data-tab=\"5\" role=\"tabpanel\" aria-labelledby=\"care-este-diferena-dintre-psiholog-i-psihiatru\"><p><p>Psihologul a studiat psihologie, \u0219i eventual a f\u0103cut un master \u0219i formare pentru a deveni psihoterapeut. El este cel care ofer\u0103 terapie psihologic\u0103, te ascult\u0103 \u0219i te ghideaz\u0103 \u00een dezvoltarea ta. Psihiatrul este de formare medic \u0219i poate da tratament medicamentos. Uneori, psihologul poate colabora cu psihiatrul pentru a oferi cel mai bun tratament clientului.<\/p><\/p><\/div>\n                <\/div><\/div>\t\t<\/div>\n\t\t\t\t<\/div>\n\t\t\t\t\t<\/div>\n\t\t<\/div>\n\t\t\t\t<div class=\"elementor-column elementor-col-50 elementor-top-column elementor-element elementor-element-bd7a19e\" data-id=\"bd7a19e\" data-element_type=\"column\">\n\t\t\t<div class=\"elementor-widget-wrap elementor-element-populated\">\n\t\t\t\t\t\t\t\t<div class=\"elementor-element elementor-element-fa9bed8 elementor-widget elementor-widget-wp-widget-bttk_popular_post\" data-id=\"fa9bed8\" data-element_type=\"widget\" data-widget_type=\"wp-widget-bttk_popular_post.default\">\n\t\t\t\t<div class=\"elementor-widget-container\">\n\t\t\t<h5>ARTICOLE POPULARE<\/h5>            <ul class=\"style-three\">\r\n                                    <li>\r\n                                                    <a target=\"_self\" href=\"https:\/\/lifequality.ro\/es\/ce-este-procesul-psihoterapeutic\/\" class=\"post-thumbnail\">\r\n                                <img width=\"330\" height=\"190\" src=\"https:\/\/lifequality.ro\/es\/wp-content\/uploads\/2021\/09\/pic3-330x190.jpeg\" class=\"attachment-post-slider-thumb-size size-post-slider-thumb-size wp-post-image\" alt=\"\" loading=\"lazy\" itemprop=\"image\" \/>                            <\/a>\r\n                                                <div class=\"entry-header\">\r\n                            <span class=\"cat-links\"><a target=\"_self\" href=\"https:\/\/lifequality.ro\/es\/category\/exercitii\/\" alt=\"View all posts in Exerci\u021bii\">Exerci\u021bii<\/a><\/span>                            <h3 class=\"entry-title\"><a target=\"_self\" href=\"https:\/\/lifequality.ro\/es\/ce-este-procesul-psihoterapeutic\/\">\u00bfQu\u00e9 es el proceso psicoterap\u00e9utico?<\/a><\/h3>\r\n\r\n                                                    <\/div>                        \r\n                    <\/li>        \r\n                                    <li>\r\n                                                    <a target=\"_self\" href=\"https:\/\/lifequality.ro\/es\/de-ce-la-mine-nu-functioneaza-meditatia\/\" class=\"post-thumbnail\">\r\n                                <img width=\"330\" height=\"190\" src=\"https:\/\/lifequality.ro\/es\/wp-content\/uploads\/2021\/09\/pic7-330x190.jpg\" class=\"attachment-post-slider-thumb-size size-post-slider-thumb-size wp-post-image\" alt=\"\" loading=\"lazy\" itemprop=\"image\" \/>                            <\/a>\r\n                                                <div class=\"entry-header\">\r\n                            <span class=\"cat-links\"><a target=\"_self\" href=\"https:\/\/lifequality.ro\/es\/category\/meditatie\/\" alt=\"View all posts in Medita\u021bie\">Medita\u021bie<\/a><\/span>                            <h3 class=\"entry-title\"><a target=\"_self\" href=\"https:\/\/lifequality.ro\/es\/de-ce-la-mine-nu-functioneaza-meditatia\/\">\u00bfPor qu\u00e9 no funciona la meditaci\u00f3n conmigo?<\/a><\/h3>\r\n\r\n                                                    <\/div>                        \r\n                    <\/li>        \r\n                                    <li>\r\n                                                    <a target=\"_self\" href=\"https:\/\/lifequality.ro\/es\/nu-mai-simt-dorinta-sexuala-e-ceva-in-neregula-cu-mine-recomandare-de-carte\/\" class=\"post-thumbnail\">\r\n                                <img width=\"330\" height=\"190\" src=\"https:\/\/lifequality.ro\/es\/wp-content\/uploads\/2021\/09\/blog-1-330x190.jpeg\" class=\"attachment-post-slider-thumb-size size-post-slider-thumb-size wp-post-image\" alt=\"\" loading=\"lazy\" itemprop=\"image\" \/>                            <\/a>\r\n                                                <div class=\"entry-header\">\r\n                            <span class=\"cat-links\"><a target=\"_self\" href=\"https:\/\/lifequality.ro\/es\/category\/exercitii\/\" alt=\"View all posts in Exerci\u021bii\">Exerci\u021bii<\/a><\/span>                            <h3 class=\"entry-title\"><a target=\"_self\" href=\"https:\/\/lifequality.ro\/es\/nu-mai-simt-dorinta-sexuala-e-ceva-in-neregula-cu-mine-recomandare-de-carte\/\">Ya no siento deseo sexual. \u00bfHay algo malo en mi?<\/a><\/h3>\r\n\r\n                                                    <\/div>                        \r\n                    <\/li>        \r\n                            <\/ul>\r\n            \t\t<\/div>\n\t\t\t\t<\/div>\n\t\t\t\t\t<\/div>\n\t\t<\/div>\n\t\t\t\t\t\t\t<\/div>\n\t\t<\/section>\n\t\t\t\t\t\t<\/div>\n\t\t\t\t\t<\/div>\n\t\t","protected":false},"excerpt":{"rendered":"<p>\u00centreb\u0103ri frecvente . Psiholog Mara-Theodora Neac\u0219u Tot felul de \u00eentreb\u0103ri ne trec prin minte atunci c\u00e2nd ne g\u00e2ndim s\u0103 mergem la psiholog. Mai jos avem o selec\u021bie dintre cele mai frecvente adresate de clien\u021bi. Cum \u0219tiu c\u0103 este momentul s\u0103 merg la psiholog? Dac\u0103 \u021bi-a trecut prin minte c\u0103 ai &hellip; <\/p>\n","protected":false},"author":1,"featured_media":0,"parent":0,"menu_order":0,"comment_status":"closed","ping_status":"closed","template":"elementor_header_footer","meta":[],"yoast_head":"<!-- This site is optimized with the Yoast SEO plugin v18.1 - https:\/\/yoast.com\/wordpress\/plugins\/seo\/ -->\n<title>Preguntas frecuentes - Life Quality<\/title>\n<meta name=\"robots\" content=\"index, follow, max-snippet:-1, max-image-preview:large, max-video-preview:-1\" \/>\n<link rel=\"canonical\" href=\"https:\/\/lifequality.ro\/es\/preguntas-frecuentes\/\" \/>\n<meta property=\"og:locale\" content=\"ro_RO\" \/>\n<meta property=\"og:type\" content=\"article\" \/>\n<meta property=\"og:title\" content=\"Preguntas frecuentes - Life Quality\" \/>\n<meta property=\"og:description\" content=\"\u00centreb\u0103ri frecvente . Psiholog Mara-Theodora Neac\u0219u Tot felul de \u00eentreb\u0103ri ne trec prin minte atunci c\u00e2nd ne g\u00e2ndim s\u0103 mergem la psiholog. Mai jos avem o selec\u021bie dintre cele mai frecvente adresate de clien\u021bi. Cum \u0219tiu c\u0103 este momentul s\u0103 merg la psiholog? Dac\u0103 \u021bi-a trecut prin minte c\u0103 ai &hellip;\" \/>\n<meta property=\"og:url\" content=\"https:\/\/lifequality.ro\/es\/preguntas-frecuentes\/\" \/>\n<meta property=\"og:site_name\" content=\"Life Quality\" \/>\n<meta property=\"article:modified_time\" content=\"2022-03-25T10:34:02+00:00\" \/>\n<meta name=\"twitter:card\" content=\"summary_large_image\" \/>\n<meta name=\"twitter:label1\" content=\"Est. reading time\" \/>\n\t<meta name=\"twitter:data1\" content=\"3 minute\" \/>\n<script type=\"application\/ld+json\" class=\"yoast-schema-graph\">{\"@context\":\"https:\/\/schema.org\",\"@graph\":[{\"@type\":\"WebSite\",\"@id\":\"https:\/\/lifequality.ro\/es\/#website\",\"url\":\"https:\/\/lifequality.ro\/es\/\",\"name\":\"Life Quality\",\"description\":\"Life Quality\",\"potentialAction\":[{\"@type\":\"SearchAction\",\"target\":{\"@type\":\"EntryPoint\",\"urlTemplate\":\"https:\/\/lifequality.ro\/es\/?s={search_term_string}\"},\"query-input\":\"required name=search_term_string\"}],\"inLanguage\":\"ro-RO\"},{\"@type\":\"WebPage\",\"@id\":\"https:\/\/lifequality.ro\/es\/preguntas-frecuentes\/#webpage\",\"url\":\"https:\/\/lifequality.ro\/es\/preguntas-frecuentes\/\",\"name\":\"Preguntas frecuentes - Life Quality\",\"isPartOf\":{\"@id\":\"https:\/\/lifequality.ro\/es\/#website\"},\"datePublished\":\"2021-09-23T12:40:47+00:00\",\"dateModified\":\"2022-03-25T10:34:02+00:00\",\"breadcrumb\":{\"@id\":\"https:\/\/lifequality.ro\/es\/preguntas-frecuentes\/#breadcrumb\"},\"inLanguage\":\"ro-RO\",\"potentialAction\":[{\"@type\":\"ReadAction\",\"target\":[\"https:\/\/lifequality.ro\/es\/preguntas-frecuentes\/\"]}]},{\"@type\":\"BreadcrumbList\",\"@id\":\"https:\/\/lifequality.ro\/es\/preguntas-frecuentes\/#breadcrumb\",\"itemListElement\":[{\"@type\":\"ListItem\",\"position\":1,\"name\":\"Home\",\"item\":\"https:\/\/lifequality.ro\/es\/\"},{\"@type\":\"ListItem\",\"position\":2,\"name\":\"Preguntas frecuentes\"}]}]}<\/script>\n<!-- \/ Yoast SEO plugin. -->","yoast_head_json":{"title":"Preguntas frecuentes - Life Quality","robots":{"index":"index","follow":"follow","max-snippet":"max-snippet:-1","max-image-preview":"max-image-preview:large","max-video-preview":"max-video-preview:-1"},"canonical":"https:\/\/lifequality.ro\/es\/preguntas-frecuentes\/","og_locale":"ro_RO","og_type":"article","og_title":"Preguntas frecuentes - Life Quality","og_description":"\u00centreb\u0103ri frecvente . Psiholog Mara-Theodora Neac\u0219u Tot felul de \u00eentreb\u0103ri ne trec prin minte atunci c\u00e2nd ne g\u00e2ndim s\u0103 mergem la psiholog. Mai jos avem o selec\u021bie dintre cele mai frecvente adresate de clien\u021bi. Cum \u0219tiu c\u0103 este momentul s\u0103 merg la psiholog? Dac\u0103 \u021bi-a trecut prin minte c\u0103 ai &hellip;","og_url":"https:\/\/lifequality.ro\/es\/preguntas-frecuentes\/","og_site_name":"Life Quality","article_modified_time":"2022-03-25T10:34:02+00:00","twitter_card":"summary_large_image","twitter_misc":{"Est. reading time":"3 minute"},"schema":{"@context":"https:\/\/schema.org","@graph":[{"@type":"WebSite","@id":"https:\/\/lifequality.ro\/es\/#website","url":"https:\/\/lifequality.ro\/es\/","name":"Life Quality","description":"Life Quality","potentialAction":[{"@type":"SearchAction","target":{"@type":"EntryPoint","urlTemplate":"https:\/\/lifequality.ro\/es\/?s={search_term_string}"},"query-input":"required name=search_term_string"}],"inLanguage":"ro-RO"},{"@type":"WebPage","@id":"https:\/\/lifequality.ro\/es\/preguntas-frecuentes\/#webpage","url":"https:\/\/lifequality.ro\/es\/preguntas-frecuentes\/","name":"Preguntas frecuentes - Life Quality","isPartOf":{"@id":"https:\/\/lifequality.ro\/es\/#website"},"datePublished":"2021-09-23T12:40:47+00:00","dateModified":"2022-03-25T10:34:02+00:00","breadcrumb":{"@id":"https:\/\/lifequality.ro\/es\/preguntas-frecuentes\/#breadcrumb"},"inLanguage":"ro-RO","potentialAction":[{"@type":"ReadAction","target":["https:\/\/lifequality.ro\/es\/preguntas-frecuentes\/"]}]},{"@type":"BreadcrumbList","@id":"https:\/\/lifequality.ro\/es\/preguntas-frecuentes\/#breadcrumb","itemListElement":[{"@type":"ListItem","position":1,"name":"Home","item":"https:\/\/lifequality.ro\/es\/"},{"@type":"ListItem","position":2,"name":"Preguntas frecuentes"}]}]}},"_links":{"self":[{"href":"https:\/\/lifequality.ro\/es\/wp-json\/wp\/v2\/pages\/1348"}],"collection":[{"href":"https:\/\/lifequality.ro\/es\/wp-json\/wp\/v2\/pages"}],"about":[{"href":"https:\/\/lifequality.ro\/es\/wp-json\/wp\/v2\/types\/page"}],"author":[{"embeddable":true,"href":"https:\/\/lifequality.ro\/es\/wp-json\/wp\/v2\/users\/1"}],"replies":[{"embeddable":true,"href":"https:\/\/lifequality.ro\/es\/wp-json\/wp\/v2\/comments?post=1348"}],"version-history":[{"count":21,"href":"https:\/\/lifequality.ro\/es\/wp-json\/wp\/v2\/pages\/1348\/revisions"}],"predecessor-version":[{"id":2236,"href":"https:\/\/lifequality.ro\/es\/wp-json\/wp\/v2\/pages\/1348\/revisions\/2236"}],"wp:attachment":[{"href":"https:\/\/lifequality.ro\/es\/wp-json\/wp\/v2\/media?parent=1348"}],"curies":[{"name":"wp","href":"https:\/\/api.w.org\/{rel}","templated":true}]}}