{"id":433,"date":"2021-09-22T08:27:34","date_gmt":"2021-09-22T08:27:34","guid":{"rendered":"https:\/\/okkwebmedia.net\/life\/?page_id=433"},"modified":"2022-05-23T08:04:52","modified_gmt":"2022-05-23T08:04:52","slug":"sobre-mi","status":"publish","type":"page","link":"https:\/\/lifequality.ro\/es\/sobre-mi\/","title":{"rendered":"Sobre m\u00ed"},"content":{"rendered":"\t\t<div data-elementor-type=\"wp-page\" data-elementor-id=\"433\" class=\"elementor elementor-433\" data-elementor-settings=\"[]\">\n\t\t\t\t\t\t\t<div class=\"elementor-section-wrap\">\n\t\t\t\t\t\t\t<section class=\"elementor-section elementor-top-section elementor-element elementor-element-a173c6a elementor-section-height-min-height elementor-section-boxed elementor-section-height-default elementor-section-items-middle\" data-id=\"a173c6a\" data-element_type=\"section\" data-settings=\"{&quot;background_background&quot;:&quot;classic&quot;}\">\n\t\t\t\t\t\t\t<div class=\"elementor-background-overlay\"><\/div>\n\t\t\t\t\t\t\t<div class=\"elementor-container elementor-column-gap-default\">\n\t\t\t\t\t<div class=\"elementor-column elementor-col-100 elementor-top-column elementor-element elementor-element-64784ba\" data-id=\"64784ba\" data-element_type=\"column\">\n\t\t\t<div class=\"elementor-widget-wrap elementor-element-populated\">\n\t\t\t\t\t\t\t\t<div class=\"elementor-element elementor-element-3458b01 text-center elementor-widget elementor-widget-tp-heading-title\" data-id=\"3458b01\" data-element_type=\"widget\" data-widget_type=\"tp-heading-title.default\">\n\t\t\t\t<div class=\"elementor-widget-container\">\n\t\t\t<div class=\"heading heading_style heading_style69f48977d88bb style-9 \" ><div class=\"sub-style\" ><div class=\"head-title \" > <h2  class=\"heading-title   \"  data-hover=\"Sobre mi\">Sobre mi<\/h2><div class=\"seprator sep-l\" ><span class=\"title-sep sep-l\" ><\/span><div class=\"sep-dot\">.<\/div><span class=\"title-sep sep-r\" ><\/span><\/div><\/div><div class=\"sub-heading\"><h3 class=\"heading-sub-title  \"> Psic\u00f3loga Mara-Theodora Neac\u0219u <\/h3><\/div><\/div><\/div>\t\t<\/div>\n\t\t\t\t<\/div>\n\t\t\t\t\t<\/div>\n\t\t<\/div>\n\t\t\t\t\t\t\t<\/div>\n\t\t<\/section>\n\t\t\t\t<section class=\"elementor-section elementor-top-section elementor-element elementor-element-c494da9 elementor-section-full_width elementor-section-height-default elementor-section-height-default\" data-id=\"c494da9\" data-element_type=\"section\">\n\t\t\t\t\t\t<div class=\"elementor-container elementor-column-gap-default\">\n\t\t\t\t\t<div class=\"elementor-column elementor-col-25 elementor-top-column elementor-element elementor-element-b26200b elementor-hidden-tablet elementor-hidden-mobile\" data-id=\"b26200b\" data-element_type=\"column\" data-settings=\"{&quot;background_background&quot;:&quot;classic&quot;}\">\n\t\t\t<div class=\"elementor-widget-wrap\">\n\t\t\t\t\t\t\t\t\t<\/div>\n\t\t<\/div>\n\t\t\t\t<div class=\"elementor-column elementor-col-25 elementor-top-column elementor-element elementor-element-fe0df61\" data-id=\"fe0df61\" data-element_type=\"column\" data-settings=\"{&quot;background_background&quot;:&quot;classic&quot;}\">\n\t\t\t<div class=\"elementor-widget-wrap elementor-element-populated\">\n\t\t\t\t\t\t\t\t<div class=\"elementor-element elementor-element-d39e77e elementor-widget elementor-widget-spacer\" data-id=\"d39e77e\" data-element_type=\"widget\" data-widget_type=\"spacer.default\">\n\t\t\t\t<div class=\"elementor-widget-container\">\n\t\t\t\t\t<div class=\"elementor-spacer\">\n\t\t\t<div class=\"elementor-spacer-inner\"><\/div>\n\t\t<\/div>\n\t\t\t\t<\/div>\n\t\t\t\t<\/div>\n\t\t\t\t\t<\/div>\n\t\t<\/div>\n\t\t\t\t<div class=\"elementor-column elementor-col-25 elementor-top-column elementor-element elementor-element-90d2c61\" data-id=\"90d2c61\" data-element_type=\"column\">\n\t\t\t<div class=\"elementor-widget-wrap elementor-element-populated\">\n\t\t\t\t\t\t\t\t<div class=\"elementor-element elementor-element-de121df elementor-widget elementor-widget-heading\" data-id=\"de121df\" data-element_type=\"widget\" data-widget_type=\"heading.default\">\n\t\t\t\t<div class=\"elementor-widget-container\">\n\t\t\t<h2 class=\"elementor-heading-title elementor-size-default\">Psic\u00f3loga cl\u00ednica y psicoterapeuta especializada en adultos<\/h2>\t\t<\/div>\n\t\t\t\t<\/div>\n\t\t\t\t<div class=\"elementor-element elementor-element-2dd7f6c elementor-widget elementor-widget-heading\" data-id=\"2dd7f6c\" data-element_type=\"widget\" data-widget_type=\"heading.default\">\n\t\t\t\t<div class=\"elementor-widget-container\">\n\t\t\t<h6 class=\"elementor-heading-title elementor-size-default\">Aumenta tu calidad de vida<\/h6>\t\t<\/div>\n\t\t\t\t<\/div>\n\t\t\t\t<div class=\"elementor-element elementor-element-04a719e elementor-widget elementor-widget-text-editor\" data-id=\"04a719e\" data-element_type=\"widget\" data-widget_type=\"text-editor.default\">\n\t\t\t\t<div class=\"elementor-widget-container\">\n\t\t\t\t\t\t\t<p>\u00a1Hola! Me llamo Mara-Theodora Neac\u0219u, Psic\u00f3loga Cl\u00ednica, Psicoterapeuta y adem\u00e1s, soy la fundadora del proyecto LifeQuality. Estudi\u00e9 Psicolog\u00eda en la Universidad de Bucarest, la Universidad de Salamanca y la Universidad Babe\u0219-Bolyai de Cluj-Napoca, teniendo una formaci\u00f3n b\u00e1sica en Psicoterapia Cognitivo-Conductual. Ofrezco sesiones de psicoterapia presenciales para adultos en mi oficina en Cluj, as\u00ed como online para clientes de otras ciudades o pa\u00edses.<\/p>\t\t\t\t\t\t<\/div>\n\t\t\t\t<\/div>\n\t\t\t\t\t<\/div>\n\t\t<\/div>\n\t\t\t\t<div class=\"elementor-column elementor-col-25 elementor-top-column elementor-element elementor-element-e42754e elementor-hidden-tablet elementor-hidden-mobile\" data-id=\"e42754e\" data-element_type=\"column\" data-settings=\"{&quot;background_background&quot;:&quot;classic&quot;}\">\n\t\t\t<div class=\"elementor-widget-wrap\">\n\t\t\t\t\t\t\t\t\t<\/div>\n\t\t<\/div>\n\t\t\t\t\t\t\t<\/div>\n\t\t<\/section>\n\t\t\t\t<section class=\"elementor-section elementor-top-section elementor-element elementor-element-c3be01c elementor-section-boxed elementor-section-height-default elementor-section-height-default\" data-id=\"c3be01c\" data-element_type=\"section\">\n\t\t\t\t\t\t<div class=\"elementor-container elementor-column-gap-default\">\n\t\t\t\t\t<div class=\"elementor-column elementor-col-100 elementor-top-column elementor-element elementor-element-3ee0244\" data-id=\"3ee0244\" data-element_type=\"column\">\n\t\t\t<div class=\"elementor-widget-wrap\">\n\t\t\t\t\t\t\t\t\t<\/div>\n\t\t<\/div>\n\t\t\t\t\t\t\t<\/div>\n\t\t<\/section>\n\t\t\t\t<section class=\"elementor-section elementor-top-section elementor-element elementor-element-41d9950 elementor-section-boxed elementor-section-height-default elementor-section-height-default\" data-id=\"41d9950\" data-element_type=\"section\">\n\t\t\t\t\t\t<div class=\"elementor-container elementor-column-gap-default\">\n\t\t\t\t\t<div class=\"elementor-column elementor-col-100 elementor-top-column elementor-element elementor-element-eb5921b\" data-id=\"eb5921b\" data-element_type=\"column\">\n\t\t\t<div class=\"elementor-widget-wrap elementor-element-populated\">\n\t\t\t\t\t\t\t\t<div class=\"elementor-element elementor-element-bf4b29f elementor-widget elementor-widget-tp-blockquote\" data-id=\"bf4b29f\" data-element_type=\"widget\" data-widget_type=\"tp-blockquote.default\">\n\t\t\t\t<div class=\"elementor-widget-container\">\n\t\t\t<div class=\"pt-plus-text-block-wrapper\" ><div class=\"text_block_parallax\"><div class=\"plus_blockquote quote-style-2 \" ><blockquote class=\"quote-text\"><i class=\"fa fa-quote-left quote-left\" aria-hidden=\"true\"><\/i><span><p>Nuestra mente es como un jard\u00edn que organizamos como queremos, en el que podemos plantar y hacer crecer las plantas que queramos, y eliminar de manera consciente las malas hierbas que nos impiden florecer. Por supuesto, tambi\u00e9n hay elementos como el suelo o el clima que son m\u00e1s dif\u00edciles de cambiar. Pueden que crezca una flor que no sabemos si queremos, pero que conscientemente podemos aprender a utilizar en nuestro beneficio.<\/p><\/span><\/blockquote><\/div><\/div><\/div>\t\t<\/div>\n\t\t\t\t<\/div>\n\t\t\t\t<div class=\"elementor-element elementor-element-466bfa8 elementor-widget elementor-widget-text-editor\" data-id=\"466bfa8\" data-element_type=\"widget\" data-widget_type=\"text-editor.default\">\n\t\t\t\t<div class=\"elementor-widget-container\">\n\t\t\t\t\t\t\t<p>Creo en la libertad, la curiosidad y la diversidad. Creo que todas las personas tienen el poder de crecer y volverse aut\u00e9nticas, de ser quienes realmente sienten que son. A veces se necesita orientaci\u00f3n, un especialista que escuche abiertamente y gu\u00ede, con quien se sientan seguros para iniciar el proceso de desarrollo personal.<\/p><p>Conozco el proceso terap\u00e9utico tanto desde la perspectiva profesional como desde la del cliente, porque considero la terapia personal como un elemento clave para entender, apoyar y empatizar con la persona que tengo delante.<\/p><p>Decid\u00ed convertirme en psicoterapeuta despu\u00e9s de un a\u00f1o sab\u00e1tico, en el cual viaj\u00e9 por el mundo. Quer\u00eda aprender de manera experiencial lo que sent\u00eda que no pod\u00eda aprender de los libros y la teor\u00eda. Aunque fui lo m\u00e1s lejos posible, el viaje en realidad se trataba de m\u00ed y de satisfacer mi curiosidad por descubrir y conocer la gran diversidad de personas que existe en el mundo. Me maravill\u00f3 descubrir c\u00f3mo eran detr\u00e1s de las etiquetas culturales y sociales, sus historias y su capacidad de desarrollo y transformaci\u00f3n. Y quer\u00eda sentir que pod\u00eda ser parte de su proceso de transformaci\u00f3n. Que pueda ser la persona que los acompa\u00f1e y les de aceptaci\u00f3n incondicional.<\/p><p>Tengo una formaci\u00f3n b\u00e1sica en psicoterapia cognitivo-conductual y abordo la psicoterapia y el asesoramiento de forma integradora, utilizando t\u00e9cnicas de varios paradigmas psicol\u00f3gicos, elegidos especialmente para las necesidades espec\u00edficas del cliente. Para poder ofrecer mis mejores servicios, ahora tambi\u00e9n me formo en Terapia de Esquemas y Terapia Focalizada en la Emoci\u00f3n. Pincha aqu\u00ed para ver los servicios ofrecidos.<\/p>\t\t\t\t\t\t<\/div>\n\t\t\t\t<\/div>\n\t\t\t\t\t<\/div>\n\t\t<\/div>\n\t\t\t\t\t\t\t<\/div>\n\t\t<\/section>\n\t\t\t\t<section class=\"elementor-section elementor-top-section elementor-element elementor-element-339a6ac elementor-section-full_width elementor-section-height-default elementor-section-height-default\" data-id=\"339a6ac\" data-element_type=\"section\" data-settings=\"{&quot;background_background&quot;:&quot;classic&quot;}\">\n\t\t\t\t\t\t<div class=\"elementor-container elementor-column-gap-default\">\n\t\t\t\t\t<div class=\"elementor-column elementor-col-25 elementor-top-column elementor-element elementor-element-1102a1c\" data-id=\"1102a1c\" data-element_type=\"column\">\n\t\t\t<div class=\"elementor-widget-wrap elementor-element-populated\">\n\t\t\t\t\t\t\t\t<div class=\"elementor-element elementor-element-a6a3b10 elementor-widget__width-auto elementor-absolute elementor-hidden-tablet elementor-hidden-mobile elementor-widget elementor-widget-image\" data-id=\"a6a3b10\" data-element_type=\"widget\" data-settings=\"{&quot;_position&quot;:&quot;absolute&quot;}\" data-widget_type=\"image.default\">\n\t\t\t\t<div class=\"elementor-widget-container\">\n\t\t\t\t\t\t\t\t\t\t\t\t\t\t\t<img width=\"150\" height=\"150\" src=\"https:\/\/lifequality.ro\/es\/wp-content\/uploads\/2021\/11\/DSC01526-150x150.jpg\" class=\"attachment-thumbnail size-thumbnail\" alt=\"\" loading=\"lazy\" \/>\t\t\t\t\t\t\t\t\t\t\t\t\t\t\t<\/div>\n\t\t\t\t<\/div>\n\t\t\t\t\t<\/div>\n\t\t<\/div>\n\t\t\t\t<div class=\"elementor-column elementor-col-25 elementor-top-column elementor-element elementor-element-75cfe58\" data-id=\"75cfe58\" data-element_type=\"column\">\n\t\t\t<div class=\"elementor-widget-wrap elementor-element-populated\">\n\t\t\t\t\t\t\t\t<div class=\"elementor-element elementor-element-1aa98d9 elementor-widget elementor-widget-spacer\" data-id=\"1aa98d9\" data-element_type=\"widget\" data-widget_type=\"spacer.default\">\n\t\t\t\t<div class=\"elementor-widget-container\">\n\t\t\t\t\t<div class=\"elementor-spacer\">\n\t\t\t<div class=\"elementor-spacer-inner\"><\/div>\n\t\t<\/div>\n\t\t\t\t<\/div>\n\t\t\t\t<\/div>\n\t\t\t\t<div class=\"elementor-element elementor-element-3bf658a elementor-widget elementor-widget-heading\" data-id=\"3bf658a\" data-element_type=\"widget\" data-widget_type=\"heading.default\">\n\t\t\t\t<div class=\"elementor-widget-container\">\n\t\t\t<h2 class=\"elementor-heading-title elementor-size-default\">\u00bfQuieres comenzar?<\/h2>\t\t<\/div>\n\t\t\t\t<\/div>\n\t\t\t\t<div class=\"elementor-element elementor-element-cf4e5fd elementor-widget elementor-widget-text-editor\" data-id=\"cf4e5fd\" data-element_type=\"widget\" data-widget_type=\"text-editor.default\">\n\t\t\t\t<div class=\"elementor-widget-container\">\n\t\t\t\t\t\t\t<p>Completa el formulario de contacto o escr\u00edbeme a <strong><a href=\"mailto:mara.neacsu@lifequality.ro\">mara.neacsu@lifequality.ro<\/a><\/strong> y establezcamos la primera sesi\u00f3n.<\/p>\t\t\t\t\t\t<\/div>\n\t\t\t\t<\/div>\n\t\t\t\t\t<\/div>\n\t\t<\/div>\n\t\t\t\t<div class=\"elementor-column elementor-col-25 elementor-top-column elementor-element elementor-element-7ffb2d1 arrow\" data-id=\"7ffb2d1\" data-element_type=\"column\">\n\t\t\t<div class=\"elementor-widget-wrap elementor-element-populated\">\n\t\t\t\t\t\t\t\t<div class=\"elementor-element elementor-element-fa06a69 contact-arrow elementor-hidden-mobile elementor-view-default elementor-widget elementor-widget-icon\" data-id=\"fa06a69\" data-element_type=\"widget\" data-settings=\"{&quot;_animation&quot;:&quot;none&quot;}\" data-widget_type=\"icon.default\">\n\t\t\t\t<div class=\"elementor-widget-container\">\n\t\t\t\t\t<div class=\"elementor-icon-wrapper\">\n\t\t\t<div class=\"elementor-icon\">\n\t\t\t<svg xmlns=\"http:\/\/www.w3.org\/2000\/svg\" width=\"164.571\" height=\"31.596\" viewBox=\"0 0 164.571 31.596\"><g id=\"Group_4384\" data-name=\"Group 4384\" transform=\"translate(-1006.431 -9374.817) rotate(-1)\"><path id=\"Path_2\" data-name=\"Path 2\" d=\"M0,0C1.065,3.973,2.558,7.638,10.264,9.411\" transform=\"translate(996.156 9402.237) rotate(26)\" fill=\"none\" stroke=\"#03a6a6\" stroke-linecap=\"round\" stroke-width=\"2\"><\/path><path id=\"Path_3\" data-name=\"Path 3\" d=\"M0,9.411C1.065,5.439,2.558,1.773,10.264,0\" transform=\"translate(992.039 9410.677) rotate(26)\" fill=\"none\" stroke=\"#03a6a6\" stroke-linecap=\"round\" stroke-width=\"2\"><\/path><path id=\"Path_23545\" data-name=\"Path 23545\" d=\"M7120.348,9406.9c32.079-16.261,86.3-31.426,155.039,1.042\" transform=\"translate(-6276.387 5.928)\" fill=\"none\" stroke=\"#03a6a6\" stroke-linecap=\"round\" stroke-width=\"2\"><\/path><\/g><\/svg>\t\t\t<\/div>\n\t\t<\/div>\n\t\t\t\t<\/div>\n\t\t\t\t<\/div>\n\t\t\t\t\t<\/div>\n\t\t<\/div>\n\t\t\t\t<div class=\"elementor-column elementor-col-25 elementor-top-column elementor-element elementor-element-369f116\" data-id=\"369f116\" data-element_type=\"column\">\n\t\t\t<div class=\"elementor-widget-wrap elementor-element-populated\">\n\t\t\t\t\t\t\t\t<div class=\"elementor-element elementor-element-41c1cb1 elementor-align-left elementor-widget elementor-widget-button\" data-id=\"41c1cb1\" data-element_type=\"widget\" data-widget_type=\"button.default\">\n\t\t\t\t<div class=\"elementor-widget-container\">\n\t\t\t\t\t<div class=\"elementor-button-wrapper\">\n\t\t\t<a href=\"https:\/\/lifequality.ro\/es\/contacto\/\" class=\"elementor-button-link elementor-button elementor-size-sm\" role=\"button\">\n\t\t\t\t\t\t<span class=\"elementor-button-content-wrapper\">\n\t\t\t\t\t\t<span class=\"elementor-button-text\">Formulario<\/span>\n\t\t<\/span>\n\t\t\t\t\t<\/a>\n\t\t<\/div>\n\t\t\t\t<\/div>\n\t\t\t\t<\/div>\n\t\t\t\t\t<\/div>\n\t\t<\/div>\n\t\t\t\t\t\t\t<\/div>\n\t\t<\/section>\n\t\t\t\t\t\t<\/div>\n\t\t\t\t\t<\/div>\n\t\t","protected":false},"excerpt":{"rendered":"<p>Sobre mi . Psic\u00f3loga Mara-Theodora Neac\u0219u Psic\u00f3loga cl\u00ednica y psicoterapeuta especializada en adultos Aumenta tu calidad de vida \u00a1Hola! Me llamo Mara-Theodora Neac\u0219u, Psic\u00f3loga Cl\u00ednica, Psicoterapeuta y adem\u00e1s, soy la fundadora del proyecto LifeQuality. Estudi\u00e9 Psicolog\u00eda en la Universidad de Bucarest, la Universidad de Salamanca y la Universidad Babe\u0219-Bolyai de &hellip; <\/p>\n","protected":false},"author":1,"featured_media":0,"parent":0,"menu_order":0,"comment_status":"closed","ping_status":"closed","template":"elementor_header_footer","meta":[],"yoast_head":"<!-- This site is optimized with the Yoast SEO plugin v18.1 - https:\/\/yoast.com\/wordpress\/plugins\/seo\/ -->\n<title>Sobre mi, Psic\u00f3loga Mara-Theodora Neac\u0219u | Psicoterapia en Cluj Napoca<\/title>\n<meta name=\"description\" content=\"Sobre mi, Psic\u00f3loga Mara-Theodora Neac\u0219u, psic\u00f3loga cl\u00ednica y psicoterapeuta especializada en adultos. Psicoterapia en Cluj Napoca.\" \/>\n<meta name=\"robots\" content=\"index, follow, max-snippet:-1, max-image-preview:large, max-video-preview:-1\" \/>\n<link rel=\"canonical\" href=\"https:\/\/lifequality.ro\/es\/sobre-mi\/\" \/>\n<meta property=\"og:locale\" content=\"ro_RO\" \/>\n<meta property=\"og:type\" content=\"article\" \/>\n<meta property=\"og:title\" content=\"Sobre mi, Psic\u00f3loga Mara-Theodora Neac\u0219u | Psicoterapia en Cluj Napoca\" \/>\n<meta property=\"og:description\" content=\"Sobre mi, Psic\u00f3loga Mara-Theodora Neac\u0219u, psic\u00f3loga cl\u00ednica y psicoterapeuta especializada en adultos. Psicoterapia en Cluj Napoca.\" \/>\n<meta property=\"og:url\" content=\"https:\/\/lifequality.ro\/es\/sobre-mi\/\" \/>\n<meta property=\"og:site_name\" content=\"Life Quality\" \/>\n<meta property=\"article:modified_time\" content=\"2022-05-23T08:04:52+00:00\" \/>\n<meta property=\"og:image\" content=\"https:\/\/lifequality.ro\/es\/wp-content\/uploads\/2021\/11\/DSC01526-150x150.jpg\" \/>\n<meta name=\"twitter:card\" content=\"summary_large_image\" \/>\n<meta name=\"twitter:label1\" content=\"Est. reading time\" \/>\n\t<meta name=\"twitter:data1\" content=\"3 minute\" \/>\n<script type=\"application\/ld+json\" class=\"yoast-schema-graph\">{\"@context\":\"https:\/\/schema.org\",\"@graph\":[{\"@type\":\"WebSite\",\"@id\":\"https:\/\/lifequality.ro\/es\/#website\",\"url\":\"https:\/\/lifequality.ro\/es\/\",\"name\":\"Life Quality\",\"description\":\"Life Quality\",\"potentialAction\":[{\"@type\":\"SearchAction\",\"target\":{\"@type\":\"EntryPoint\",\"urlTemplate\":\"https:\/\/lifequality.ro\/es\/?s={search_term_string}\"},\"query-input\":\"required name=search_term_string\"}],\"inLanguage\":\"ro-RO\"},{\"@type\":\"ImageObject\",\"@id\":\"https:\/\/lifequality.ro\/es\/sobre-mi\/#primaryimage\",\"inLanguage\":\"ro-RO\",\"url\":\"https:\/\/lifequality.ro\/es\/wp-content\/uploads\/2021\/11\/DSC01526.jpg\",\"contentUrl\":\"https:\/\/lifequality.ro\/es\/wp-content\/uploads\/2021\/11\/DSC01526.jpg\",\"width\":750,\"height\":422},{\"@type\":\"WebPage\",\"@id\":\"https:\/\/lifequality.ro\/es\/sobre-mi\/#webpage\",\"url\":\"https:\/\/lifequality.ro\/es\/sobre-mi\/\",\"name\":\"Sobre mi, Psic\u00f3loga Mara-Theodora Neac\u0219u | Psicoterapia en Cluj Napoca\",\"isPartOf\":{\"@id\":\"https:\/\/lifequality.ro\/es\/#website\"},\"primaryImageOfPage\":{\"@id\":\"https:\/\/lifequality.ro\/es\/sobre-mi\/#primaryimage\"},\"datePublished\":\"2021-09-22T08:27:34+00:00\",\"dateModified\":\"2022-05-23T08:04:52+00:00\",\"description\":\"Sobre mi, Psic\u00f3loga Mara-Theodora Neac\u0219u, psic\u00f3loga cl\u00ednica y psicoterapeuta especializada en adultos. Psicoterapia en Cluj Napoca.\",\"breadcrumb\":{\"@id\":\"https:\/\/lifequality.ro\/es\/sobre-mi\/#breadcrumb\"},\"inLanguage\":\"ro-RO\",\"potentialAction\":[{\"@type\":\"ReadAction\",\"target\":[\"https:\/\/lifequality.ro\/es\/sobre-mi\/\"]}]},{\"@type\":\"BreadcrumbList\",\"@id\":\"https:\/\/lifequality.ro\/es\/sobre-mi\/#breadcrumb\",\"itemListElement\":[{\"@type\":\"ListItem\",\"position\":1,\"name\":\"Home\",\"item\":\"https:\/\/lifequality.ro\/es\/\"},{\"@type\":\"ListItem\",\"position\":2,\"name\":\"Sobre m\u00ed\"}]}]}<\/script>\n<!-- \/ Yoast SEO plugin. -->","yoast_head_json":{"title":"Sobre mi, Psic\u00f3loga Mara-Theodora Neac\u0219u | Psicoterapia en Cluj Napoca","description":"Sobre mi, Psic\u00f3loga Mara-Theodora Neac\u0219u, psic\u00f3loga cl\u00ednica y psicoterapeuta especializada en adultos. Psicoterapia en Cluj Napoca.","robots":{"index":"index","follow":"follow","max-snippet":"max-snippet:-1","max-image-preview":"max-image-preview:large","max-video-preview":"max-video-preview:-1"},"canonical":"https:\/\/lifequality.ro\/es\/sobre-mi\/","og_locale":"ro_RO","og_type":"article","og_title":"Sobre mi, Psic\u00f3loga Mara-Theodora Neac\u0219u | Psicoterapia en Cluj Napoca","og_description":"Sobre mi, Psic\u00f3loga Mara-Theodora Neac\u0219u, psic\u00f3loga cl\u00ednica y psicoterapeuta especializada en adultos. Psicoterapia en Cluj Napoca.","og_url":"https:\/\/lifequality.ro\/es\/sobre-mi\/","og_site_name":"Life Quality","article_modified_time":"2022-05-23T08:04:52+00:00","og_image":[{"url":"https:\/\/lifequality.ro\/es\/wp-content\/uploads\/2021\/11\/DSC01526-150x150.jpg"}],"twitter_card":"summary_large_image","twitter_misc":{"Est. reading time":"3 minute"},"schema":{"@context":"https:\/\/schema.org","@graph":[{"@type":"WebSite","@id":"https:\/\/lifequality.ro\/es\/#website","url":"https:\/\/lifequality.ro\/es\/","name":"Life Quality","description":"Life Quality","potentialAction":[{"@type":"SearchAction","target":{"@type":"EntryPoint","urlTemplate":"https:\/\/lifequality.ro\/es\/?s={search_term_string}"},"query-input":"required name=search_term_string"}],"inLanguage":"ro-RO"},{"@type":"ImageObject","@id":"https:\/\/lifequality.ro\/es\/sobre-mi\/#primaryimage","inLanguage":"ro-RO","url":"https:\/\/lifequality.ro\/es\/wp-content\/uploads\/2021\/11\/DSC01526.jpg","contentUrl":"https:\/\/lifequality.ro\/es\/wp-content\/uploads\/2021\/11\/DSC01526.jpg","width":750,"height":422},{"@type":"WebPage","@id":"https:\/\/lifequality.ro\/es\/sobre-mi\/#webpage","url":"https:\/\/lifequality.ro\/es\/sobre-mi\/","name":"Sobre mi, Psic\u00f3loga Mara-Theodora Neac\u0219u | Psicoterapia en Cluj Napoca","isPartOf":{"@id":"https:\/\/lifequality.ro\/es\/#website"},"primaryImageOfPage":{"@id":"https:\/\/lifequality.ro\/es\/sobre-mi\/#primaryimage"},"datePublished":"2021-09-22T08:27:34+00:00","dateModified":"2022-05-23T08:04:52+00:00","description":"Sobre mi, Psic\u00f3loga Mara-Theodora Neac\u0219u, psic\u00f3loga cl\u00ednica y psicoterapeuta especializada en adultos. Psicoterapia en Cluj Napoca.","breadcrumb":{"@id":"https:\/\/lifequality.ro\/es\/sobre-mi\/#breadcrumb"},"inLanguage":"ro-RO","potentialAction":[{"@type":"ReadAction","target":["https:\/\/lifequality.ro\/es\/sobre-mi\/"]}]},{"@type":"BreadcrumbList","@id":"https:\/\/lifequality.ro\/es\/sobre-mi\/#breadcrumb","itemListElement":[{"@type":"ListItem","position":1,"name":"Home","item":"https:\/\/lifequality.ro\/es\/"},{"@type":"ListItem","position":2,"name":"Sobre m\u00ed"}]}]}},"_links":{"self":[{"href":"https:\/\/lifequality.ro\/es\/wp-json\/wp\/v2\/pages\/433"}],"collection":[{"href":"https:\/\/lifequality.ro\/es\/wp-json\/wp\/v2\/pages"}],"about":[{"href":"https:\/\/lifequality.ro\/es\/wp-json\/wp\/v2\/types\/page"}],"author":[{"embeddable":true,"href":"https:\/\/lifequality.ro\/es\/wp-json\/wp\/v2\/users\/1"}],"replies":[{"embeddable":true,"href":"https:\/\/lifequality.ro\/es\/wp-json\/wp\/v2\/comments?post=433"}],"version-history":[{"count":211,"href":"https:\/\/lifequality.ro\/es\/wp-json\/wp\/v2\/pages\/433\/revisions"}],"predecessor-version":[{"id":2268,"href":"https:\/\/lifequality.ro\/es\/wp-json\/wp\/v2\/pages\/433\/revisions\/2268"}],"wp:attachment":[{"href":"https:\/\/lifequality.ro\/es\/wp-json\/wp\/v2\/media?parent=433"}],"curies":[{"name":"wp","href":"https:\/\/api.w.org\/{rel}","templated":true}]}}