{"id":482,"date":"2021-09-22T08:48:22","date_gmt":"2021-09-22T08:48:22","guid":{"rendered":"https:\/\/okkwebmedia.net\/life\/?page_id=482"},"modified":"2022-05-23T08:07:23","modified_gmt":"2022-05-23T08:07:23","slug":"servicios","status":"publish","type":"page","link":"https:\/\/lifequality.ro\/es\/servicios\/","title":{"rendered":"Servicios"},"content":{"rendered":"\t\t<div data-elementor-type=\"wp-page\" data-elementor-id=\"482\" class=\"elementor elementor-482\" data-elementor-settings=\"[]\">\n\t\t\t\t\t\t\t<div class=\"elementor-section-wrap\">\n\t\t\t\t\t\t\t<section class=\"elementor-section elementor-top-section elementor-element elementor-element-0106fd6 elementor-section-height-min-height elementor-section-boxed elementor-section-height-default elementor-section-items-middle\" data-id=\"0106fd6\" data-element_type=\"section\" data-settings=\"{&quot;background_background&quot;:&quot;classic&quot;}\">\n\t\t\t\t\t\t\t<div class=\"elementor-background-overlay\"><\/div>\n\t\t\t\t\t\t\t<div class=\"elementor-container elementor-column-gap-default\">\n\t\t\t\t\t<div class=\"elementor-column elementor-col-100 elementor-top-column elementor-element elementor-element-67ef485\" data-id=\"67ef485\" data-element_type=\"column\">\n\t\t\t<div class=\"elementor-widget-wrap elementor-element-populated\">\n\t\t\t\t\t\t\t\t<div class=\"elementor-element elementor-element-aea37b9 text-center elementor-widget elementor-widget-tp-heading-title\" data-id=\"aea37b9\" data-element_type=\"widget\" data-widget_type=\"tp-heading-title.default\">\n\t\t\t\t<div class=\"elementor-widget-container\">\n\t\t\t<div class=\"heading heading_style heading_style69f489a110c62 style-9 \" ><div class=\"sub-style\" ><div class=\"head-title \" > <h2  class=\"heading-title   \"  data-hover=\"Servicios ofrecidos\">Servicios ofrecidos<\/h2><div class=\"seprator sep-l\" ><span class=\"title-sep sep-l\" ><\/span><div class=\"sep-dot\">.<\/div><span class=\"title-sep sep-r\" ><\/span><\/div><\/div><div class=\"sub-heading\"><h3 class=\"heading-sub-title  \"> Psic\u00f3loga Mara-Theodora Neac\u0219u <\/h3><\/div><\/div><\/div>\t\t<\/div>\n\t\t\t\t<\/div>\n\t\t\t\t\t<\/div>\n\t\t<\/div>\n\t\t\t\t\t\t\t<\/div>\n\t\t<\/section>\n\t\t\t\t<section class=\"elementor-section elementor-top-section elementor-element elementor-element-2d0ad7c services elementor-section-boxed elementor-section-height-default elementor-section-height-default\" data-id=\"2d0ad7c\" data-element_type=\"section\">\n\t\t\t\t\t\t<div class=\"elementor-container elementor-column-gap-default\">\n\t\t\t\t\t<div class=\"elementor-column elementor-col-100 elementor-top-column elementor-element elementor-element-e456604\" data-id=\"e456604\" data-element_type=\"column\">\n\t\t\t<div class=\"elementor-widget-wrap elementor-element-populated\">\n\t\t\t\t\t\t\t\t<section class=\"elementor-section elementor-inner-section elementor-element elementor-element-cb33ac0 elementor-section-boxed elementor-section-height-default elementor-section-height-default\" data-id=\"cb33ac0\" data-element_type=\"section\">\n\t\t\t\t\t\t<div class=\"elementor-container elementor-column-gap-default\">\n\t\t\t\t\t<div class=\"elementor-column elementor-col-50 elementor-inner-column elementor-element elementor-element-3bd0e26\" data-id=\"3bd0e26\" data-element_type=\"column\" data-settings=\"{&quot;background_background&quot;:&quot;classic&quot;}\">\n\t\t\t<div class=\"elementor-widget-wrap elementor-element-populated\">\n\t\t\t\t\t\t\t\t<div class=\"elementor-element elementor-element-27b3b28 service-title elementor-widget elementor-widget-heading\" data-id=\"27b3b28\" data-element_type=\"widget\" data-widget_type=\"heading.default\">\n\t\t\t\t<div class=\"elementor-widget-container\">\n\t\t\t<h2 class=\"elementor-heading-title elementor-size-default\">Sesi\u00f3n individual<\/h2>\t\t<\/div>\n\t\t\t\t<\/div>\n\t\t\t\t<div class=\"elementor-element elementor-element-afa2ef6 elementor-widget elementor-widget-text-editor\" data-id=\"afa2ef6\" data-element_type=\"widget\" data-widget_type=\"text-editor.default\">\n\t\t\t\t<div class=\"elementor-widget-container\">\n\t\t\t\t\t\t\t<p>Una sesi\u00f3n individual puede tener forma de psicoterapia o asesoramiento. Puede ser presencial u online. Aqu\u00ed te re\u00fanes con tu terapeuta para hablar sobre lo que te molesta, sobre tus necesidades, emociones y comportamientos. Aprender\u00e1s nuevas habilidades que te ayudar\u00e1n a sobrellevar los momentos dif\u00edciles, tomar decisiones saludables y alcanzar tus metas.<\/p>\t\t\t\t\t\t<\/div>\n\t\t\t\t<\/div>\n\t\t\t\t<div class=\"elementor-element elementor-element-7b44efe elementor-align-left service-more-btn elementor-widget elementor-widget-button\" data-id=\"7b44efe\" data-element_type=\"widget\" data-widget_type=\"button.default\">\n\t\t\t\t<div class=\"elementor-widget-container\">\n\t\t\t\t\t<div class=\"elementor-button-wrapper\">\n\t\t\t<a href=\"https:\/\/lifequality.ro\/es\/servicii\/sesion-individual\/\" class=\"elementor-button-link elementor-button elementor-size-xs\" role=\"button\">\n\t\t\t\t\t\t<span class=\"elementor-button-content-wrapper\">\n\t\t\t\t\t\t<span class=\"elementor-button-icon elementor-align-icon-right\">\n\t\t\t\t<i aria-hidden=\"true\" class=\"fas fa-long-arrow-alt-right\"><\/i>\t\t\t<\/span>\n\t\t\t\t\t\t<span class=\"elementor-button-text\">Leer m\u00e1s<\/span>\n\t\t<\/span>\n\t\t\t\t\t<\/a>\n\t\t<\/div>\n\t\t\t\t<\/div>\n\t\t\t\t<\/div>\n\t\t\t\t\t<\/div>\n\t\t<\/div>\n\t\t\t\t<div class=\"elementor-column elementor-col-50 elementor-inner-column elementor-element elementor-element-fd48ec0\" data-id=\"fd48ec0\" data-element_type=\"column\" data-settings=\"{&quot;background_background&quot;:&quot;classic&quot;}\">\n\t\t\t<div class=\"elementor-widget-wrap elementor-element-populated\">\n\t\t\t\t\t\t\t\t<div class=\"elementor-element elementor-element-71ac7ff elementor-hidden-desktop elementor-hidden-tablet elementor-widget elementor-widget-spacer\" data-id=\"71ac7ff\" data-element_type=\"widget\" data-widget_type=\"spacer.default\">\n\t\t\t\t<div class=\"elementor-widget-container\">\n\t\t\t\t\t<div class=\"elementor-spacer\">\n\t\t\t<div class=\"elementor-spacer-inner\"><\/div>\n\t\t<\/div>\n\t\t\t\t<\/div>\n\t\t\t\t<\/div>\n\t\t\t\t\t<\/div>\n\t\t<\/div>\n\t\t\t\t\t\t\t<\/div>\n\t\t<\/section>\n\t\t\t\t<section class=\"elementor-section elementor-inner-section elementor-element elementor-element-4e499de elementor-section-boxed elementor-section-height-default elementor-section-height-default\" data-id=\"4e499de\" data-element_type=\"section\">\n\t\t\t\t\t\t<div class=\"elementor-container elementor-column-gap-default\">\n\t\t\t\t\t<div class=\"elementor-column elementor-col-50 elementor-inner-column elementor-element elementor-element-c1af044\" data-id=\"c1af044\" data-element_type=\"column\" data-settings=\"{&quot;background_background&quot;:&quot;classic&quot;}\">\n\t\t\t<div class=\"elementor-widget-wrap elementor-element-populated\">\n\t\t\t\t\t\t\t\t<div class=\"elementor-element elementor-element-fde29d8 elementor-hidden-desktop elementor-hidden-tablet elementor-widget elementor-widget-spacer\" data-id=\"fde29d8\" data-element_type=\"widget\" data-widget_type=\"spacer.default\">\n\t\t\t\t<div class=\"elementor-widget-container\">\n\t\t\t\t\t<div class=\"elementor-spacer\">\n\t\t\t<div class=\"elementor-spacer-inner\"><\/div>\n\t\t<\/div>\n\t\t\t\t<\/div>\n\t\t\t\t<\/div>\n\t\t\t\t\t<\/div>\n\t\t<\/div>\n\t\t\t\t<div class=\"elementor-column elementor-col-50 elementor-inner-column elementor-element elementor-element-8df3570\" data-id=\"8df3570\" data-element_type=\"column\" data-settings=\"{&quot;background_background&quot;:&quot;classic&quot;}\">\n\t\t\t<div class=\"elementor-widget-wrap elementor-element-populated\">\n\t\t\t\t\t\t\t\t<div class=\"elementor-element elementor-element-91b624a service-title elementor-widget elementor-widget-heading\" data-id=\"91b624a\" data-element_type=\"widget\" data-widget_type=\"heading.default\">\n\t\t\t\t<div class=\"elementor-widget-container\">\n\t\t\t<h2 class=\"elementor-heading-title elementor-size-default\">Consejera de pareja<\/h2>\t\t<\/div>\n\t\t\t\t<\/div>\n\t\t\t\t<div class=\"elementor-element elementor-element-49e63ea elementor-widget elementor-widget-text-editor\" data-id=\"49e63ea\" data-element_type=\"widget\" data-widget_type=\"text-editor.default\">\n\t\t\t\t<div class=\"elementor-widget-container\">\n\t\t\t\t\t\t\t<p>La terapia de pareja ayuda a que las dos personas reconozcan los conflictos y fortalezcan la relaci\u00f3n. Junto con el psicoterapeuta, la pareja puede establecer objetivos realistas desde la negociaci\u00f3n de los diferentes problemas, el aprendizaje de la comunicaci\u00f3n emp\u00e1tica hasta el redescubrimiento del deseo y la sexualidad. La pareja tambi\u00e9n puede decidir continuar el viaje por separado, pero en armon\u00eda.<\/p>\t\t\t\t\t\t<\/div>\n\t\t\t\t<\/div>\n\t\t\t\t<div class=\"elementor-element elementor-element-d1c2301 elementor-align-left service-more-btn elementor-widget elementor-widget-button\" data-id=\"d1c2301\" data-element_type=\"widget\" data-widget_type=\"button.default\">\n\t\t\t\t<div class=\"elementor-widget-container\">\n\t\t\t\t\t<div class=\"elementor-button-wrapper\">\n\t\t\t<a href=\"https:\/\/lifequality.ro\/es\/servicii\/consejera-de-pareja\/\" class=\"elementor-button-link elementor-button elementor-size-xs\" role=\"button\">\n\t\t\t\t\t\t<span class=\"elementor-button-content-wrapper\">\n\t\t\t\t\t\t<span class=\"elementor-button-icon elementor-align-icon-right\">\n\t\t\t\t<i aria-hidden=\"true\" class=\"fas fa-long-arrow-alt-right\"><\/i>\t\t\t<\/span>\n\t\t\t\t\t\t<span class=\"elementor-button-text\">Leer m\u00e1s<\/span>\n\t\t<\/span>\n\t\t\t\t\t<\/a>\n\t\t<\/div>\n\t\t\t\t<\/div>\n\t\t\t\t<\/div>\n\t\t\t\t\t<\/div>\n\t\t<\/div>\n\t\t\t\t\t\t\t<\/div>\n\t\t<\/section>\n\t\t\t\t<section class=\"elementor-section elementor-inner-section elementor-element elementor-element-5c9cd7a elementor-section-boxed elementor-section-height-default elementor-section-height-default\" data-id=\"5c9cd7a\" data-element_type=\"section\">\n\t\t\t\t\t\t<div class=\"elementor-container elementor-column-gap-default\">\n\t\t\t\t\t<div class=\"elementor-column elementor-col-50 elementor-inner-column elementor-element elementor-element-bdb0c27\" data-id=\"bdb0c27\" data-element_type=\"column\" data-settings=\"{&quot;background_background&quot;:&quot;classic&quot;}\">\n\t\t\t<div class=\"elementor-widget-wrap elementor-element-populated\">\n\t\t\t\t\t\t\t\t<div class=\"elementor-element elementor-element-80ad07c service-title elementor-widget elementor-widget-heading\" data-id=\"80ad07c\" data-element_type=\"widget\" data-widget_type=\"heading.default\">\n\t\t\t\t<div class=\"elementor-widget-container\">\n\t\t\t<h2 class=\"elementor-heading-title elementor-size-default\">Terapia de grupo<\/h2>\t\t<\/div>\n\t\t\t\t<\/div>\n\t\t\t\t<div class=\"elementor-element elementor-element-693bdea elementor-widget elementor-widget-text-editor\" data-id=\"693bdea\" data-element_type=\"widget\" data-widget_type=\"text-editor.default\">\n\t\t\t\t<div class=\"elementor-widget-container\">\n\t\t\t\t\t\t\t<p>La terapia de grupo consiste en reuniones grupales, en las que los participantes hablan sobre los problemas que enfrentan y el psic\u00f3logo los gu\u00eda a diferentes formas de manejar sus sentimientos.<\/p>\t\t\t\t\t\t<\/div>\n\t\t\t\t<\/div>\n\t\t\t\t<div class=\"elementor-element elementor-element-9aa066e elementor-align-left service-more-btn elementor-widget elementor-widget-button\" data-id=\"9aa066e\" data-element_type=\"widget\" data-widget_type=\"button.default\">\n\t\t\t\t<div class=\"elementor-widget-container\">\n\t\t\t\t\t<div class=\"elementor-button-wrapper\">\n\t\t\t<a href=\"https:\/\/lifequality.ro\/es\/servicii\/terapia-de-grupo\/\" class=\"elementor-button-link elementor-button elementor-size-xs\" role=\"button\">\n\t\t\t\t\t\t<span class=\"elementor-button-content-wrapper\">\n\t\t\t\t\t\t<span class=\"elementor-button-icon elementor-align-icon-right\">\n\t\t\t\t<i aria-hidden=\"true\" class=\"fas fa-long-arrow-alt-right\"><\/i>\t\t\t<\/span>\n\t\t\t\t\t\t<span class=\"elementor-button-text\">Leer m\u00e1s<\/span>\n\t\t<\/span>\n\t\t\t\t\t<\/a>\n\t\t<\/div>\n\t\t\t\t<\/div>\n\t\t\t\t<\/div>\n\t\t\t\t\t<\/div>\n\t\t<\/div>\n\t\t\t\t<div class=\"elementor-column elementor-col-50 elementor-inner-column elementor-element elementor-element-d8296ea\" data-id=\"d8296ea\" data-element_type=\"column\" data-settings=\"{&quot;background_background&quot;:&quot;classic&quot;}\">\n\t\t\t<div class=\"elementor-widget-wrap elementor-element-populated\">\n\t\t\t\t\t\t\t\t<div class=\"elementor-element elementor-element-5208e49 elementor-hidden-desktop elementor-hidden-tablet elementor-widget elementor-widget-spacer\" data-id=\"5208e49\" data-element_type=\"widget\" data-widget_type=\"spacer.default\">\n\t\t\t\t<div class=\"elementor-widget-container\">\n\t\t\t\t\t<div class=\"elementor-spacer\">\n\t\t\t<div class=\"elementor-spacer-inner\"><\/div>\n\t\t<\/div>\n\t\t\t\t<\/div>\n\t\t\t\t<\/div>\n\t\t\t\t\t<\/div>\n\t\t<\/div>\n\t\t\t\t\t\t\t<\/div>\n\t\t<\/section>\n\t\t\t\t<section class=\"elementor-section elementor-inner-section elementor-element elementor-element-a6ee66b elementor-section-boxed elementor-section-height-default elementor-section-height-default\" data-id=\"a6ee66b\" data-element_type=\"section\">\n\t\t\t\t\t\t<div class=\"elementor-container elementor-column-gap-default\">\n\t\t\t\t\t<div class=\"elementor-column elementor-col-50 elementor-inner-column elementor-element elementor-element-7a21f13\" data-id=\"7a21f13\" data-element_type=\"column\" data-settings=\"{&quot;background_background&quot;:&quot;classic&quot;}\">\n\t\t\t<div class=\"elementor-widget-wrap elementor-element-populated\">\n\t\t\t\t\t\t\t\t<div class=\"elementor-element elementor-element-272a2e7 elementor-hidden-desktop elementor-hidden-tablet elementor-widget elementor-widget-spacer\" data-id=\"272a2e7\" data-element_type=\"widget\" data-widget_type=\"spacer.default\">\n\t\t\t\t<div class=\"elementor-widget-container\">\n\t\t\t\t\t<div class=\"elementor-spacer\">\n\t\t\t<div class=\"elementor-spacer-inner\"><\/div>\n\t\t<\/div>\n\t\t\t\t<\/div>\n\t\t\t\t<\/div>\n\t\t\t\t\t<\/div>\n\t\t<\/div>\n\t\t\t\t<div class=\"elementor-column elementor-col-50 elementor-inner-column elementor-element elementor-element-cd70a69\" data-id=\"cd70a69\" data-element_type=\"column\" data-settings=\"{&quot;background_background&quot;:&quot;classic&quot;}\">\n\t\t\t<div class=\"elementor-widget-wrap elementor-element-populated\">\n\t\t\t\t\t\t\t\t<div class=\"elementor-element elementor-element-bd920da service-title elementor-widget elementor-widget-heading\" data-id=\"bd920da\" data-element_type=\"widget\" data-widget_type=\"heading.default\">\n\t\t\t\t<div class=\"elementor-widget-container\">\n\t\t\t<h2 class=\"elementor-heading-title elementor-size-default\">Talleres \/ Workshops<\/h2>\t\t<\/div>\n\t\t\t\t<\/div>\n\t\t\t\t<div class=\"elementor-element elementor-element-b583b78 elementor-widget elementor-widget-text-editor\" data-id=\"b583b78\" data-element_type=\"widget\" data-widget_type=\"text-editor.default\">\n\t\t\t\t<div class=\"elementor-widget-container\">\n\t\t\t\t\t\t\t<p>Se pueden llevar a cabo en empresas, p\u00fablico en general o grupos espec\u00edficos. Los temas que se tratan son del campo de la psicoeducaci\u00f3n, la comunicaci\u00f3n, las estrategias de optimizaci\u00f3n, el mindfulness y mucho m\u00e1s.<\/p>\t\t\t\t\t\t<\/div>\n\t\t\t\t<\/div>\n\t\t\t\t<div class=\"elementor-element elementor-element-53bf14b elementor-align-left service-more-btn elementor-widget elementor-widget-button\" data-id=\"53bf14b\" data-element_type=\"widget\" data-widget_type=\"button.default\">\n\t\t\t\t<div class=\"elementor-widget-container\">\n\t\t\t\t\t<div class=\"elementor-button-wrapper\">\n\t\t\t<a href=\"https:\/\/lifequality.ro\/es\/servicii\/talleres-y-eventos\/\" class=\"elementor-button-link elementor-button elementor-size-xs\" role=\"button\">\n\t\t\t\t\t\t<span class=\"elementor-button-content-wrapper\">\n\t\t\t\t\t\t<span class=\"elementor-button-icon elementor-align-icon-right\">\n\t\t\t\t<i aria-hidden=\"true\" class=\"fas fa-long-arrow-alt-right\"><\/i>\t\t\t<\/span>\n\t\t\t\t\t\t<span class=\"elementor-button-text\">Leer m\u00e1s<\/span>\n\t\t<\/span>\n\t\t\t\t\t<\/a>\n\t\t<\/div>\n\t\t\t\t<\/div>\n\t\t\t\t<\/div>\n\t\t\t\t\t<\/div>\n\t\t<\/div>\n\t\t\t\t\t\t\t<\/div>\n\t\t<\/section>\n\t\t\t\t\t<\/div>\n\t\t<\/div>\n\t\t\t\t\t\t\t<\/div>\n\t\t<\/section>\n\t\t\t\t\t\t<\/div>\n\t\t\t\t\t<\/div>\n\t\t","protected":false},"excerpt":{"rendered":"<p>Servicios ofrecidos . Psic\u00f3loga Mara-Theodora Neac\u0219u Sesi\u00f3n individual Una sesi\u00f3n individual puede tener forma de psicoterapia o asesoramiento. Puede ser presencial u online. Aqu\u00ed te re\u00fanes con tu terapeuta para hablar sobre lo que te molesta, sobre tus necesidades, emociones y comportamientos. Aprender\u00e1s nuevas habilidades que te ayudar\u00e1n a sobrellevar &hellip; <\/p>\n","protected":false},"author":1,"featured_media":0,"parent":0,"menu_order":0,"comment_status":"closed","ping_status":"closed","template":"elementor_header_footer","meta":[],"yoast_head":"<!-- This site is optimized with the Yoast SEO plugin v18.1 - https:\/\/yoast.com\/wordpress\/plugins\/seo\/ -->\n<title>Sesi\u00f3n individual | Consejera de pareja | Terapia de grupo | Life Quality<\/title>\n<meta name=\"description\" content=\"Servicios ofrecidos: sesi\u00f3n individual, consejera de pareja, terapia de grupo, talleres. Psicoterapia en Cluj Napoca o para sesiones online.\" \/>\n<meta name=\"robots\" content=\"index, follow, max-snippet:-1, max-image-preview:large, max-video-preview:-1\" \/>\n<link rel=\"canonical\" href=\"https:\/\/lifequality.ro\/es\/servicios\/\" \/>\n<meta property=\"og:locale\" content=\"ro_RO\" \/>\n<meta property=\"og:type\" content=\"article\" \/>\n<meta property=\"og:title\" content=\"Sesi\u00f3n individual | Consejera de pareja | Terapia de grupo | Life Quality\" \/>\n<meta property=\"og:description\" content=\"Servicios ofrecidos: sesi\u00f3n individual, consejera de pareja, terapia de grupo, talleres. Psicoterapia en Cluj Napoca o para sesiones online.\" \/>\n<meta property=\"og:url\" content=\"https:\/\/lifequality.ro\/es\/servicios\/\" \/>\n<meta property=\"og:site_name\" content=\"Life Quality\" \/>\n<meta property=\"article:modified_time\" content=\"2022-05-23T08:07:23+00:00\" \/>\n<meta name=\"twitter:card\" content=\"summary_large_image\" \/>\n<meta name=\"twitter:label1\" content=\"Est. reading time\" \/>\n\t<meta name=\"twitter:data1\" content=\"2 minute\" \/>\n<script type=\"application\/ld+json\" class=\"yoast-schema-graph\">{\"@context\":\"https:\/\/schema.org\",\"@graph\":[{\"@type\":\"WebSite\",\"@id\":\"https:\/\/lifequality.ro\/es\/#website\",\"url\":\"https:\/\/lifequality.ro\/es\/\",\"name\":\"Life Quality\",\"description\":\"Life Quality\",\"potentialAction\":[{\"@type\":\"SearchAction\",\"target\":{\"@type\":\"EntryPoint\",\"urlTemplate\":\"https:\/\/lifequality.ro\/es\/?s={search_term_string}\"},\"query-input\":\"required name=search_term_string\"}],\"inLanguage\":\"ro-RO\"},{\"@type\":\"WebPage\",\"@id\":\"https:\/\/lifequality.ro\/es\/servicios\/#webpage\",\"url\":\"https:\/\/lifequality.ro\/es\/servicios\/\",\"name\":\"Sesi\u00f3n individual | Consejera de pareja | Terapia de grupo | Life Quality\",\"isPartOf\":{\"@id\":\"https:\/\/lifequality.ro\/es\/#website\"},\"datePublished\":\"2021-09-22T08:48:22+00:00\",\"dateModified\":\"2022-05-23T08:07:23+00:00\",\"description\":\"Servicios ofrecidos: sesi\u00f3n individual, consejera de pareja, terapia de grupo, talleres. Psicoterapia en Cluj Napoca o para sesiones online.\",\"breadcrumb\":{\"@id\":\"https:\/\/lifequality.ro\/es\/servicios\/#breadcrumb\"},\"inLanguage\":\"ro-RO\",\"potentialAction\":[{\"@type\":\"ReadAction\",\"target\":[\"https:\/\/lifequality.ro\/es\/servicios\/\"]}]},{\"@type\":\"BreadcrumbList\",\"@id\":\"https:\/\/lifequality.ro\/es\/servicios\/#breadcrumb\",\"itemListElement\":[{\"@type\":\"ListItem\",\"position\":1,\"name\":\"Home\",\"item\":\"https:\/\/lifequality.ro\/es\/\"},{\"@type\":\"ListItem\",\"position\":2,\"name\":\"Servicios\"}]}]}<\/script>\n<!-- \/ Yoast SEO plugin. -->","yoast_head_json":{"title":"Sesi\u00f3n individual | Consejera de pareja | Terapia de grupo | Life Quality","description":"Servicios ofrecidos: sesi\u00f3n individual, consejera de pareja, terapia de grupo, talleres. Psicoterapia en Cluj Napoca o para sesiones online.","robots":{"index":"index","follow":"follow","max-snippet":"max-snippet:-1","max-image-preview":"max-image-preview:large","max-video-preview":"max-video-preview:-1"},"canonical":"https:\/\/lifequality.ro\/es\/servicios\/","og_locale":"ro_RO","og_type":"article","og_title":"Sesi\u00f3n individual | Consejera de pareja | Terapia de grupo | Life Quality","og_description":"Servicios ofrecidos: sesi\u00f3n individual, consejera de pareja, terapia de grupo, talleres. Psicoterapia en Cluj Napoca o para sesiones online.","og_url":"https:\/\/lifequality.ro\/es\/servicios\/","og_site_name":"Life Quality","article_modified_time":"2022-05-23T08:07:23+00:00","twitter_card":"summary_large_image","twitter_misc":{"Est. reading time":"2 minute"},"schema":{"@context":"https:\/\/schema.org","@graph":[{"@type":"WebSite","@id":"https:\/\/lifequality.ro\/es\/#website","url":"https:\/\/lifequality.ro\/es\/","name":"Life Quality","description":"Life Quality","potentialAction":[{"@type":"SearchAction","target":{"@type":"EntryPoint","urlTemplate":"https:\/\/lifequality.ro\/es\/?s={search_term_string}"},"query-input":"required name=search_term_string"}],"inLanguage":"ro-RO"},{"@type":"WebPage","@id":"https:\/\/lifequality.ro\/es\/servicios\/#webpage","url":"https:\/\/lifequality.ro\/es\/servicios\/","name":"Sesi\u00f3n individual | Consejera de pareja | Terapia de grupo | Life Quality","isPartOf":{"@id":"https:\/\/lifequality.ro\/es\/#website"},"datePublished":"2021-09-22T08:48:22+00:00","dateModified":"2022-05-23T08:07:23+00:00","description":"Servicios ofrecidos: sesi\u00f3n individual, consejera de pareja, terapia de grupo, talleres. Psicoterapia en Cluj Napoca o para sesiones online.","breadcrumb":{"@id":"https:\/\/lifequality.ro\/es\/servicios\/#breadcrumb"},"inLanguage":"ro-RO","potentialAction":[{"@type":"ReadAction","target":["https:\/\/lifequality.ro\/es\/servicios\/"]}]},{"@type":"BreadcrumbList","@id":"https:\/\/lifequality.ro\/es\/servicios\/#breadcrumb","itemListElement":[{"@type":"ListItem","position":1,"name":"Home","item":"https:\/\/lifequality.ro\/es\/"},{"@type":"ListItem","position":2,"name":"Servicios"}]}]}},"_links":{"self":[{"href":"https:\/\/lifequality.ro\/es\/wp-json\/wp\/v2\/pages\/482"}],"collection":[{"href":"https:\/\/lifequality.ro\/es\/wp-json\/wp\/v2\/pages"}],"about":[{"href":"https:\/\/lifequality.ro\/es\/wp-json\/wp\/v2\/types\/page"}],"author":[{"embeddable":true,"href":"https:\/\/lifequality.ro\/es\/wp-json\/wp\/v2\/users\/1"}],"replies":[{"embeddable":true,"href":"https:\/\/lifequality.ro\/es\/wp-json\/wp\/v2\/comments?post=482"}],"version-history":[{"count":107,"href":"https:\/\/lifequality.ro\/es\/wp-json\/wp\/v2\/pages\/482\/revisions"}],"predecessor-version":[{"id":2270,"href":"https:\/\/lifequality.ro\/es\/wp-json\/wp\/v2\/pages\/482\/revisions\/2270"}],"wp:attachment":[{"href":"https:\/\/lifequality.ro\/es\/wp-json\/wp\/v2\/media?parent=482"}],"curies":[{"name":"wp","href":"https:\/\/api.w.org\/{rel}","templated":true}]}}