{"id":586,"date":"2021-09-22T13:12:12","date_gmt":"2021-09-22T13:12:12","guid":{"rendered":"https:\/\/okkwebmedia.net\/life\/?page_id=586"},"modified":"2022-03-25T10:04:44","modified_gmt":"2022-03-25T10:04:44","slug":"sesion-individual","status":"publish","type":"page","link":"https:\/\/lifequality.ro\/es\/servicios\/sesion-individual\/","title":{"rendered":"Sesi\u00f3n individual"},"content":{"rendered":"\t\t<div data-elementor-type=\"wp-page\" data-elementor-id=\"586\" class=\"elementor elementor-586\" data-elementor-settings=\"[]\">\n\t\t\t\t\t\t\t<div class=\"elementor-section-wrap\">\n\t\t\t\t\t\t\t<section class=\"elementor-section elementor-top-section elementor-element elementor-element-fafe2eb elementor-section-height-min-height elementor-section-boxed elementor-section-height-default elementor-section-items-middle\" data-id=\"fafe2eb\" data-element_type=\"section\" data-settings=\"{&quot;background_background&quot;:&quot;classic&quot;}\">\n\t\t\t\t\t\t\t<div class=\"elementor-background-overlay\"><\/div>\n\t\t\t\t\t\t\t<div class=\"elementor-container elementor-column-gap-default\">\n\t\t\t\t\t<div class=\"elementor-column elementor-col-100 elementor-top-column elementor-element elementor-element-3a58f18\" data-id=\"3a58f18\" data-element_type=\"column\">\n\t\t\t<div class=\"elementor-widget-wrap\">\n\t\t\t\t\t\t\t\t\t<\/div>\n\t\t<\/div>\n\t\t\t\t\t\t\t<\/div>\n\t\t<\/section>\n\t\t\t\t<section class=\"elementor-section elementor-top-section elementor-element elementor-element-e87ac89 elementor-section-full_width elementor-section-height-default elementor-section-height-default\" data-id=\"e87ac89\" data-element_type=\"section\">\n\t\t\t\t\t\t<div class=\"elementor-container elementor-column-gap-default\">\n\t\t\t\t\t<div class=\"elementor-column elementor-col-25 elementor-top-column elementor-element elementor-element-da7328e\" data-id=\"da7328e\" data-element_type=\"column\">\n\t\t\t<div class=\"elementor-widget-wrap\">\n\t\t\t\t\t\t\t\t\t<\/div>\n\t\t<\/div>\n\t\t\t\t<div class=\"elementor-column elementor-col-25 elementor-top-column elementor-element elementor-element-9c5f981 service-page\" data-id=\"9c5f981\" data-element_type=\"column\">\n\t\t\t<div class=\"elementor-widget-wrap elementor-element-populated\">\n\t\t\t\t\t\t\t\t<div class=\"elementor-element elementor-element-0bb4f81 text-left elementor-widget elementor-widget-tp-heading-title\" data-id=\"0bb4f81\" data-element_type=\"widget\" data-widget_type=\"tp-heading-title.default\">\n\t\t\t\t<div class=\"elementor-widget-container\">\n\t\t\t<div class=\"heading heading_style heading_style69f489a097273 style-9 \" ><div class=\"sub-style\" ><div class=\"head-title \" > <h2  class=\"heading-title   \"  data-hover=\"Sesi\u00f3n individual\">Sesi\u00f3n individual<\/h2><div class=\"seprator sep-l\" ><span class=\"title-sep sep-l\" ><\/span><div class=\"sep-dot\">.<\/div><span class=\"title-sep sep-r\" ><\/span><\/div><\/div><\/div><\/div>\t\t<\/div>\n\t\t\t\t<\/div>\n\t\t\t\t<div class=\"elementor-element elementor-element-7841491 elementor-widget elementor-widget-text-editor\" data-id=\"7841491\" data-element_type=\"widget\" data-widget_type=\"text-editor.default\">\n\t\t\t\t<div class=\"elementor-widget-container\">\n\t\t\t\t\t\t\t<p><b>Las sesi\u00f3n individual puede ser en forma de psicoterapia o simplemente asesoramiento. Puede ser presencial u online. En ella te re\u00fanes con tu terapeuta para hablar sobre lo que te molesta, sobre tus necesidades, emociones y comportamientos. Aprender\u00e1s nuevas habilidades que te ayudar\u00e1n a sobrellevar los momentos dif\u00edciles, tomar decisiones saludables y alcanzar tus metas.<\/b><\/p>\t\t\t\t\t\t<\/div>\n\t\t\t\t<\/div>\n\t\t\t\t<div class=\"elementor-element elementor-element-3eebeec text-left elementor-widget elementor-widget-tp-heading-title\" data-id=\"3eebeec\" data-element_type=\"widget\" data-widget_type=\"tp-heading-title.default\">\n\t\t\t\t<div class=\"elementor-widget-container\">\n\t\t\t<div class=\"heading heading_style heading_style69f489a097f7b style-1 \" ><div class=\"sub-style\" ><div class=\"sub-heading\"><h3 class=\"heading-sub-title  \"> Mi estilo <\/h3><\/div><\/div><\/div>\t\t<\/div>\n\t\t\t\t<\/div>\n\t\t\t\t<div class=\"elementor-element elementor-element-3f33aae elementor-widget elementor-widget-text-editor\" data-id=\"3f33aae\" data-element_type=\"widget\" data-widget_type=\"text-editor.default\">\n\t\t\t\t<div class=\"elementor-widget-container\">\n\t\t\t\t\t\t\t<p>La terapia que practico es de estilo colaborativo, siendo mi funci\u00f3n guiarte hacia tus propias respuestas y hacia las t\u00e9cnicas que m\u00e1s te convienen. Me gusta tener un hilo rojo que sigo, a modo de estructura, pero le dejo la libertad y creatividad para explorar sus necesidades presentes. A veces se le dar\u00e1n tareas f\u00e1ciles para hacer en casa, porque el verdadero progreso ocurre entre las sesiones.<\/p>\t\t\t\t\t\t<\/div>\n\t\t\t\t<\/div>\n\t\t\t\t<div class=\"elementor-element elementor-element-fe4e2f4 elementor-widget elementor-widget-spacer\" data-id=\"fe4e2f4\" data-element_type=\"widget\" data-widget_type=\"spacer.default\">\n\t\t\t\t<div class=\"elementor-widget-container\">\n\t\t\t\t\t<div class=\"elementor-spacer\">\n\t\t\t<div class=\"elementor-spacer-inner\"><\/div>\n\t\t<\/div>\n\t\t\t\t<\/div>\n\t\t\t\t<\/div>\n\t\t\t\t<div class=\"elementor-element elementor-element-36c46a8 elementor-position-left elementor-view-default elementor-vertical-align-top elementor-widget elementor-widget-icon-box\" data-id=\"36c46a8\" data-element_type=\"widget\" data-widget_type=\"icon-box.default\">\n\t\t\t\t<div class=\"elementor-widget-container\">\n\t\t\t\t\t<div class=\"elementor-icon-box-wrapper\">\n\t\t\t\t\t\t<div class=\"elementor-icon-box-icon\">\n\t\t\t\t<span class=\"elementor-icon elementor-animation-\" >\n\t\t\t\t<i aria-hidden=\"true\" class=\"fas fa-user-friends\"><\/i>\t\t\t\t<\/span>\n\t\t\t<\/div>\n\t\t\t\t\t\t<div class=\"elementor-icon-box-content\">\n\t\t\t\t<h3 class=\"elementor-icon-box-title\">\n\t\t\t\t\t<span  >\n\t\t\t\t\t\t\u00bfC\u00f3mo funciona?\t\t\t\t\t<\/span>\n\t\t\t\t<\/h3>\n\t\t\t\t\t\t\t<\/div>\n\t\t<\/div>\n\t\t\t\t<\/div>\n\t\t\t\t<\/div>\n\t\t\t\t<div class=\"elementor-element elementor-element-9d0aace elementor-widget elementor-widget-text-editor\" data-id=\"9d0aace\" data-element_type=\"widget\" data-widget_type=\"text-editor.default\">\n\t\t\t\t<div class=\"elementor-widget-container\">\n\t\t\t\t\t\t\t<p>La psicoterapia es la forma cl\u00e1sica de colaboraci\u00f3n entre un psic\u00f3logo y un cliente. Durante estas reuniones se apoya al cliente en un espacio seguro y emp\u00e1tico para descubrir el origen de los sentimientos negativos y se le ense\u00f1an formas de manejarlos. Esta colaboraci\u00f3n suele estructurarse en forma de reuniones semanales. El asesoramiento es una forma de colaboraci\u00f3n similar a la psicoterapia, con la diferencia de que se centra m\u00e1s en el desarrollo personal y profesional, en la consecuci\u00f3n de objetivos. Suele tener lugar semanalmente. Las reuniones individuales duran 50 minutos y pueden tener lugar en el gabinete o en l\u00ednea.<\/p>\t\t\t\t\t\t<\/div>\n\t\t\t\t<\/div>\n\t\t\t\t<div class=\"elementor-element elementor-element-4c31e7e elementor-widget elementor-widget-spacer\" data-id=\"4c31e7e\" data-element_type=\"widget\" data-widget_type=\"spacer.default\">\n\t\t\t\t<div class=\"elementor-widget-container\">\n\t\t\t\t\t<div class=\"elementor-spacer\">\n\t\t\t<div class=\"elementor-spacer-inner\"><\/div>\n\t\t<\/div>\n\t\t\t\t<\/div>\n\t\t\t\t<\/div>\n\t\t\t\t<div class=\"elementor-element elementor-element-d083351 elementor-position-left elementor-view-default elementor-vertical-align-top elementor-widget elementor-widget-icon-box\" data-id=\"d083351\" data-element_type=\"widget\" data-widget_type=\"icon-box.default\">\n\t\t\t\t<div class=\"elementor-widget-container\">\n\t\t\t\t\t<div class=\"elementor-icon-box-wrapper\">\n\t\t\t\t\t\t<div class=\"elementor-icon-box-icon\">\n\t\t\t\t<span class=\"elementor-icon elementor-animation-\" >\n\t\t\t\t<i aria-hidden=\"true\" class=\"far fa-comments\"><\/i>\t\t\t\t<\/span>\n\t\t\t<\/div>\n\t\t\t\t\t\t<div class=\"elementor-icon-box-content\">\n\t\t\t\t<h3 class=\"elementor-icon-box-title\">\n\t\t\t\t\t<span  >\n\t\t\t\t\t\tProblemas con los que se puede buscar la ayuda de un psic\u00f3logo\t\t\t\t\t<\/span>\n\t\t\t\t<\/h3>\n\t\t\t\t\t\t\t<\/div>\n\t\t<\/div>\n\t\t\t\t<\/div>\n\t\t\t\t<\/div>\n\t\t\t\t<div class=\"elementor-element elementor-element-16d1018 elementor-widget elementor-widget-text-editor\" data-id=\"16d1018\" data-element_type=\"widget\" data-widget_type=\"text-editor.default\">\n\t\t\t\t<div class=\"elementor-widget-container\">\n\t\t\t\t\t\t\t<p><span style=\"font-size: 1em;\">Las personas pueden tener diferentes temas como:<\/span><\/p><ul><li style=\"list-style-type: none;\">\u00a0<\/li><\/ul><ul><li><span style=\"font-size: 1em;\">Comunicaci\u00f3n<\/span><\/li><li><span style=\"font-size: 1em;\">Desarrollo personal<\/span><\/li><li><span style=\"font-size: 1em;\">Abuso \/ trauma<\/span><\/li><li><span style=\"font-size: 1em;\">Disfunci\u00f3n sexual<\/span><\/li><li><span style=\"font-size: 1em;\">Ansiedad \/ depresi\u00f3n<\/span><\/li><li><span style=\"font-size: 1em;\">Relaciones sociales \/ soledad<\/span><\/li><li><span style=\"font-size: 1em;\">No encuentra su lugar \/ busca el sentido en alg\u00fan aspecto<\/span><\/li><li><span style=\"font-size: 1em;\">Problemas de apego<\/span><\/li><\/ul><p>Estos son solo ejemplos, no son las \u00fanicas razones por las que puede venir a terapia. Para tarifas, haga clic aqu\u00ed.<\/p>\t\t\t\t\t\t<\/div>\n\t\t\t\t<\/div>\n\t\t\t\t\t<\/div>\n\t\t<\/div>\n\t\t\t\t<div class=\"elementor-column elementor-col-25 elementor-top-column elementor-element elementor-element-3032248 service-sidebar\" data-id=\"3032248\" data-element_type=\"column\">\n\t\t\t<div class=\"elementor-widget-wrap elementor-element-populated\">\n\t\t\t\t\t\t\t\t<div class=\"elementor-element elementor-element-a4bc1ba elementor-widget elementor-widget-wp-widget-bttk_author_bio\" data-id=\"a4bc1ba\" data-element_type=\"widget\" data-widget_type=\"wp-widget-bttk_author_bio.default\">\n\t\t\t\t<div class=\"elementor-widget-container\">\n\t\t\t        <div class=\"bttk-author-bio-holder\">\r\n            <div class=\"image-holder\">\r\n                <img width=\"1500\" height=\"844\" src=\"https:\/\/lifequality.ro\/es\/wp-content\/uploads\/2021\/09\/about-me2.jpg\" class=\"attachment-full size-full\" alt=\"Mara-Theodora Neac\u0219u\" loading=\"lazy\" srcset=\"https:\/\/lifequality.ro\/es\/wp-content\/uploads\/2021\/09\/about-me2.jpg 1500w, https:\/\/lifequality.ro\/es\/wp-content\/uploads\/2021\/09\/about-me2-300x169.jpg 300w, https:\/\/lifequality.ro\/es\/wp-content\/uploads\/2021\/09\/about-me2-1024x576.jpg 1024w, https:\/\/lifequality.ro\/es\/wp-content\/uploads\/2021\/09\/about-me2-768x432.jpg 768w\" sizes=\"(max-width: 1500px) 100vw, 1500px\" \/>            <\/div> \r\n            <div class=\"text-holder\">\r\n                <div class=\"title-holder\">Mara-Theodora Neac\u0219u<\/div> \r\n                <div class=\"author-bio-content\">\r\n                    <p>Me llamo Mara-Theodora Neac\u0219u, Psic\u00f3loga Cl\u00ednica y Psicoterapeuta y soy la fundadora del proyecto LifeQuality.<\/p>\n                <\/div>\r\n                <div class=\"text-signature\">Mara Neac\u0219u<\/div>                \r\n                \r\n    \t        <div class=\"author-bio-socicons\">\r\n                                            <ul class=\"author-socicons\">\r\n        \t        \t                \t\t            <li class=\"social-share-list\">\r\n                \t\t                <a rel=noopener target=_blank href=\"https:\/\/www.facebook.com\/LifeQuality.cu.MaraNeacsu\">\r\n                                            <i class=\"fab fa-facebook-f\"><\/i>\r\n                                        <\/a>\r\n                \t\t                \r\n                \t\t            <\/li>\r\n            \t\t                            \t\t            <li class=\"social-share-list\">\r\n                \t\t                <a rel=noopener target=_blank href=\"https:\/\/www.instagram.com\/lifequality.with.maraneacsu\/\">\r\n                                            <i class=\"fab fa-instagram\"><\/i>\r\n                                        <\/a>\r\n                \t\t                \r\n                \t\t            <\/li>\r\n            \t\t                                    <\/ul>\r\n                    \t        <\/div>\r\n            <\/div>\r\n\t    <\/div>\r\n        \t\t<\/div>\n\t\t\t\t<\/div>\n\t\t\t\t<div class=\"elementor-element elementor-element-8dd6827 sidebar-service-menu elementor-widget elementor-widget-wp-widget-nav_menu\" data-id=\"8dd6827\" data-element_type=\"widget\" data-widget_type=\"wp-widget-nav_menu.default\">\n\t\t\t\t<div class=\"elementor-widget-container\">\n\t\t\t<h5>Servicii<\/h5><div class=\"menu-servicii-container\"><ul id=\"menu-servicii\" class=\"menu\"><li id=\"menu-item-969\" class=\"menu-item menu-item-type-post_type menu-item-object-page menu-item-969\"><a href=\"https:\/\/lifequality.ro\/es\/servicios\/talleres-y-eventos\/\">Workshop-uri<\/a><\/li>\n<li id=\"menu-item-970\" class=\"menu-item menu-item-type-post_type menu-item-object-page menu-item-970\"><a href=\"https:\/\/lifequality.ro\/es\/servicios\/consejera-de-pareja\/\">Consejera de pareja<\/a><\/li>\n<li id=\"menu-item-971\" class=\"menu-item menu-item-type-post_type menu-item-object-page menu-item-971\"><a href=\"https:\/\/lifequality.ro\/es\/servicios\/terapia-de-grupo\/\">Terapia de grupo<\/a><\/li>\n<li id=\"menu-item-972\" class=\"menu-item menu-item-type-post_type menu-item-object-page menu-item-972\"><a href=\"https:\/\/lifequality.ro\/es\/servicios\/sesion-individual\/\">Sesi\u00f3n individual<\/a><\/li>\n<\/ul><\/div>\t\t<\/div>\n\t\t\t\t<\/div>\n\t\t\t\t\t<\/div>\n\t\t<\/div>\n\t\t\t\t<div class=\"elementor-column elementor-col-25 elementor-top-column elementor-element elementor-element-67a0ae5\" data-id=\"67a0ae5\" data-element_type=\"column\">\n\t\t\t<div class=\"elementor-widget-wrap\">\n\t\t\t\t\t\t\t\t\t<\/div>\n\t\t<\/div>\n\t\t\t\t\t\t\t<\/div>\n\t\t<\/section>\n\t\t\t\t\t\t<\/div>\n\t\t\t\t\t<\/div>\n\t\t","protected":false},"excerpt":{"rendered":"<p>Sesi\u00f3n individual . Las sesi\u00f3n individual puede ser en forma de psicoterapia o simplemente asesoramiento. Puede ser presencial u online. En ella te re\u00fanes con tu terapeuta para hablar sobre lo que te molesta, sobre tus necesidades, emociones y comportamientos. Aprender\u00e1s nuevas habilidades que te ayudar\u00e1n a sobrellevar los momentos &hellip; <\/p>\n","protected":false},"author":1,"featured_media":0,"parent":482,"menu_order":0,"comment_status":"closed","ping_status":"closed","template":"elementor_header_footer","meta":[],"yoast_head":"<!-- This site is optimized with the Yoast SEO plugin v18.1 - https:\/\/yoast.com\/wordpress\/plugins\/seo\/ -->\n<title>Sesi\u00f3n individual - Life Quality<\/title>\n<meta name=\"robots\" content=\"index, follow, max-snippet:-1, max-image-preview:large, max-video-preview:-1\" \/>\n<link rel=\"canonical\" href=\"https:\/\/lifequality.ro\/es\/servicios\/sesion-individual\/\" \/>\n<meta property=\"og:locale\" content=\"ro_RO\" \/>\n<meta property=\"og:type\" content=\"article\" \/>\n<meta property=\"og:title\" content=\"Sesi\u00f3n individual - Life Quality\" \/>\n<meta property=\"og:description\" content=\"Sesi\u00f3n individual . Las sesi\u00f3n individual puede ser en forma de psicoterapia o simplemente asesoramiento. Puede ser presencial u online. En ella te re\u00fanes con tu terapeuta para hablar sobre lo que te molesta, sobre tus necesidades, emociones y comportamientos. Aprender\u00e1s nuevas habilidades que te ayudar\u00e1n a sobrellevar los momentos &hellip;\" \/>\n<meta property=\"og:url\" content=\"https:\/\/lifequality.ro\/es\/servicios\/sesion-individual\/\" \/>\n<meta property=\"og:site_name\" content=\"Life Quality\" \/>\n<meta property=\"article:modified_time\" content=\"2022-03-25T10:04:44+00:00\" \/>\n<meta name=\"twitter:card\" content=\"summary_large_image\" \/>\n<meta name=\"twitter:label1\" content=\"Est. reading time\" \/>\n\t<meta name=\"twitter:data1\" content=\"2 minute\" \/>\n<script type=\"application\/ld+json\" class=\"yoast-schema-graph\">{\"@context\":\"https:\/\/schema.org\",\"@graph\":[{\"@type\":\"WebSite\",\"@id\":\"https:\/\/lifequality.ro\/es\/#website\",\"url\":\"https:\/\/lifequality.ro\/es\/\",\"name\":\"Life Quality\",\"description\":\"Life Quality\",\"potentialAction\":[{\"@type\":\"SearchAction\",\"target\":{\"@type\":\"EntryPoint\",\"urlTemplate\":\"https:\/\/lifequality.ro\/es\/?s={search_term_string}\"},\"query-input\":\"required name=search_term_string\"}],\"inLanguage\":\"ro-RO\"},{\"@type\":\"WebPage\",\"@id\":\"https:\/\/lifequality.ro\/es\/servicios\/sesion-individual\/#webpage\",\"url\":\"https:\/\/lifequality.ro\/es\/servicios\/sesion-individual\/\",\"name\":\"Sesi\u00f3n individual - Life Quality\",\"isPartOf\":{\"@id\":\"https:\/\/lifequality.ro\/es\/#website\"},\"datePublished\":\"2021-09-22T13:12:12+00:00\",\"dateModified\":\"2022-03-25T10:04:44+00:00\",\"breadcrumb\":{\"@id\":\"https:\/\/lifequality.ro\/es\/servicios\/sesion-individual\/#breadcrumb\"},\"inLanguage\":\"ro-RO\",\"potentialAction\":[{\"@type\":\"ReadAction\",\"target\":[\"https:\/\/lifequality.ro\/es\/servicios\/sesion-individual\/\"]}]},{\"@type\":\"BreadcrumbList\",\"@id\":\"https:\/\/lifequality.ro\/es\/servicios\/sesion-individual\/#breadcrumb\",\"itemListElement\":[{\"@type\":\"ListItem\",\"position\":1,\"name\":\"Home\",\"item\":\"https:\/\/lifequality.ro\/es\/\"},{\"@type\":\"ListItem\",\"position\":2,\"name\":\"Servicios\",\"item\":\"https:\/\/lifequality.ro\/es\/servicios\/\"},{\"@type\":\"ListItem\",\"position\":3,\"name\":\"Sesi\u00f3n individual\"}]}]}<\/script>\n<!-- \/ Yoast SEO plugin. -->","yoast_head_json":{"title":"Sesi\u00f3n individual - Life Quality","robots":{"index":"index","follow":"follow","max-snippet":"max-snippet:-1","max-image-preview":"max-image-preview:large","max-video-preview":"max-video-preview:-1"},"canonical":"https:\/\/lifequality.ro\/es\/servicios\/sesion-individual\/","og_locale":"ro_RO","og_type":"article","og_title":"Sesi\u00f3n individual - Life Quality","og_description":"Sesi\u00f3n individual . Las sesi\u00f3n individual puede ser en forma de psicoterapia o simplemente asesoramiento. Puede ser presencial u online. En ella te re\u00fanes con tu terapeuta para hablar sobre lo que te molesta, sobre tus necesidades, emociones y comportamientos. Aprender\u00e1s nuevas habilidades que te ayudar\u00e1n a sobrellevar los momentos &hellip;","og_url":"https:\/\/lifequality.ro\/es\/servicios\/sesion-individual\/","og_site_name":"Life Quality","article_modified_time":"2022-03-25T10:04:44+00:00","twitter_card":"summary_large_image","twitter_misc":{"Est. reading time":"2 minute"},"schema":{"@context":"https:\/\/schema.org","@graph":[{"@type":"WebSite","@id":"https:\/\/lifequality.ro\/es\/#website","url":"https:\/\/lifequality.ro\/es\/","name":"Life Quality","description":"Life Quality","potentialAction":[{"@type":"SearchAction","target":{"@type":"EntryPoint","urlTemplate":"https:\/\/lifequality.ro\/es\/?s={search_term_string}"},"query-input":"required name=search_term_string"}],"inLanguage":"ro-RO"},{"@type":"WebPage","@id":"https:\/\/lifequality.ro\/es\/servicios\/sesion-individual\/#webpage","url":"https:\/\/lifequality.ro\/es\/servicios\/sesion-individual\/","name":"Sesi\u00f3n individual - Life Quality","isPartOf":{"@id":"https:\/\/lifequality.ro\/es\/#website"},"datePublished":"2021-09-22T13:12:12+00:00","dateModified":"2022-03-25T10:04:44+00:00","breadcrumb":{"@id":"https:\/\/lifequality.ro\/es\/servicios\/sesion-individual\/#breadcrumb"},"inLanguage":"ro-RO","potentialAction":[{"@type":"ReadAction","target":["https:\/\/lifequality.ro\/es\/servicios\/sesion-individual\/"]}]},{"@type":"BreadcrumbList","@id":"https:\/\/lifequality.ro\/es\/servicios\/sesion-individual\/#breadcrumb","itemListElement":[{"@type":"ListItem","position":1,"name":"Home","item":"https:\/\/lifequality.ro\/es\/"},{"@type":"ListItem","position":2,"name":"Servicios","item":"https:\/\/lifequality.ro\/es\/servicios\/"},{"@type":"ListItem","position":3,"name":"Sesi\u00f3n individual"}]}]}},"_links":{"self":[{"href":"https:\/\/lifequality.ro\/es\/wp-json\/wp\/v2\/pages\/586"}],"collection":[{"href":"https:\/\/lifequality.ro\/es\/wp-json\/wp\/v2\/pages"}],"about":[{"href":"https:\/\/lifequality.ro\/es\/wp-json\/wp\/v2\/types\/page"}],"author":[{"embeddable":true,"href":"https:\/\/lifequality.ro\/es\/wp-json\/wp\/v2\/users\/1"}],"replies":[{"embeddable":true,"href":"https:\/\/lifequality.ro\/es\/wp-json\/wp\/v2\/comments?post=586"}],"version-history":[{"count":191,"href":"https:\/\/lifequality.ro\/es\/wp-json\/wp\/v2\/pages\/586\/revisions"}],"predecessor-version":[{"id":2192,"href":"https:\/\/lifequality.ro\/es\/wp-json\/wp\/v2\/pages\/586\/revisions\/2192"}],"up":[{"embeddable":true,"href":"https:\/\/lifequality.ro\/es\/wp-json\/wp\/v2\/pages\/482"}],"wp:attachment":[{"href":"https:\/\/lifequality.ro\/es\/wp-json\/wp\/v2\/media?parent=586"}],"curies":[{"name":"wp","href":"https:\/\/api.w.org\/{rel}","templated":true}]}}