{"id":960,"date":"2021-09-23T08:44:17","date_gmt":"2021-09-23T08:44:17","guid":{"rendered":"https:\/\/okkwebmedia.net\/life\/?page_id=960"},"modified":"2022-03-25T10:06:15","modified_gmt":"2022-03-25T10:06:15","slug":"talleres-y-eventos","status":"publish","type":"page","link":"https:\/\/lifequality.ro\/es\/servicios\/talleres-y-eventos\/","title":{"rendered":"Talleres"},"content":{"rendered":"\t\t<div data-elementor-type=\"wp-page\" data-elementor-id=\"960\" class=\"elementor elementor-960\" data-elementor-settings=\"[]\">\n\t\t\t\t\t\t\t<div class=\"elementor-section-wrap\">\n\t\t\t\t\t\t\t<section class=\"elementor-section elementor-top-section elementor-element elementor-element-fafe2eb elementor-section-height-min-height elementor-section-boxed elementor-section-height-default elementor-section-items-middle\" data-id=\"fafe2eb\" data-element_type=\"section\" data-settings=\"{&quot;background_background&quot;:&quot;classic&quot;}\">\n\t\t\t\t\t\t\t<div class=\"elementor-background-overlay\"><\/div>\n\t\t\t\t\t\t\t<div class=\"elementor-container elementor-column-gap-default\">\n\t\t\t\t\t<div class=\"elementor-column elementor-col-100 elementor-top-column elementor-element elementor-element-3a58f18\" data-id=\"3a58f18\" data-element_type=\"column\">\n\t\t\t<div class=\"elementor-widget-wrap\">\n\t\t\t\t\t\t\t\t\t<\/div>\n\t\t<\/div>\n\t\t\t\t\t\t\t<\/div>\n\t\t<\/section>\n\t\t\t\t<section class=\"elementor-section elementor-top-section elementor-element elementor-element-e87ac89 elementor-section-full_width elementor-section-height-default elementor-section-height-default\" data-id=\"e87ac89\" data-element_type=\"section\">\n\t\t\t\t\t\t<div class=\"elementor-container elementor-column-gap-default\">\n\t\t\t\t\t<div class=\"elementor-column elementor-col-25 elementor-top-column elementor-element elementor-element-da7328e\" data-id=\"da7328e\" data-element_type=\"column\">\n\t\t\t<div class=\"elementor-widget-wrap\">\n\t\t\t\t\t\t\t\t\t<\/div>\n\t\t<\/div>\n\t\t\t\t<div class=\"elementor-column elementor-col-25 elementor-top-column elementor-element elementor-element-9c5f981 service-page\" data-id=\"9c5f981\" data-element_type=\"column\">\n\t\t\t<div class=\"elementor-widget-wrap elementor-element-populated\">\n\t\t\t\t\t\t\t\t<div class=\"elementor-element elementor-element-0bb4f81 text-left elementor-widget elementor-widget-tp-heading-title\" data-id=\"0bb4f81\" data-element_type=\"widget\" data-widget_type=\"tp-heading-title.default\">\n\t\t\t\t<div class=\"elementor-widget-container\">\n\t\t\t<div class=\"heading heading_style heading_style69f48b7099540 style-9 \" ><div class=\"sub-style\" ><div class=\"head-title \" > <h2  class=\"heading-title   \"  data-hover=\"Talleres y Eventos\">Talleres y Eventos<\/h2><div class=\"seprator sep-l\" ><span class=\"title-sep sep-l\" ><\/span><div class=\"sep-dot\">.<\/div><span class=\"title-sep sep-r\" ><\/span><\/div><\/div><\/div><\/div>\t\t<\/div>\n\t\t\t\t<\/div>\n\t\t\t\t<div class=\"elementor-element elementor-element-7841491 elementor-widget elementor-widget-text-editor\" data-id=\"7841491\" data-element_type=\"widget\" data-widget_type=\"text-editor.default\">\n\t\t\t\t<div class=\"elementor-widget-container\">\n\t\t\t\t\t\t\t<p><b>Se pueden realizar para<\/b><b>\u00a0organizaciones, p\u00fablico en general o grupos espec\u00edficos. Los temas que se tratan son del campo de la psicoeducaci\u00f3n, la comunicaci\u00f3n, las estrategias de optimizaci\u00f3n, el mindfulness y mucho m\u00e1s. Para m\u00e1s detalles, me pueden contactar en mara.neacsu@lifequality.ro.<\/b><\/p>\t\t\t\t\t\t<\/div>\n\t\t\t\t<\/div>\n\t\t\t\t<div class=\"elementor-element elementor-element-3f33aae elementor-widget elementor-widget-text-editor\" data-id=\"3f33aae\" data-element_type=\"widget\" data-widget_type=\"text-editor.default\">\n\t\t\t\t<div class=\"elementor-widget-container\">\n\t\t\t\t\t\t\t\t\t\t\t\t\t<\/div>\n\t\t\t\t<\/div>\n\t\t\t\t\t<\/div>\n\t\t<\/div>\n\t\t\t\t<div class=\"elementor-column elementor-col-25 elementor-top-column elementor-element elementor-element-3032248 service-sidebar\" data-id=\"3032248\" data-element_type=\"column\">\n\t\t\t<div class=\"elementor-widget-wrap elementor-element-populated\">\n\t\t\t\t\t\t\t\t<div class=\"elementor-element elementor-element-a4bc1ba elementor-widget elementor-widget-wp-widget-bttk_author_bio\" data-id=\"a4bc1ba\" data-element_type=\"widget\" data-widget_type=\"wp-widget-bttk_author_bio.default\">\n\t\t\t\t<div class=\"elementor-widget-container\">\n\t\t\t        <div class=\"bttk-author-bio-holder\">\r\n            <div class=\"image-holder\">\r\n                <img width=\"1500\" height=\"844\" src=\"https:\/\/lifequality.ro\/es\/wp-content\/uploads\/2021\/09\/about-me2.jpg\" class=\"attachment-full size-full\" alt=\"Mara-Theodora Neac\u0219u\" loading=\"lazy\" srcset=\"https:\/\/lifequality.ro\/es\/wp-content\/uploads\/2021\/09\/about-me2.jpg 1500w, https:\/\/lifequality.ro\/es\/wp-content\/uploads\/2021\/09\/about-me2-300x169.jpg 300w, https:\/\/lifequality.ro\/es\/wp-content\/uploads\/2021\/09\/about-me2-1024x576.jpg 1024w, https:\/\/lifequality.ro\/es\/wp-content\/uploads\/2021\/09\/about-me2-768x432.jpg 768w\" sizes=\"(max-width: 1500px) 100vw, 1500px\" \/>            <\/div> \r\n            <div class=\"text-holder\">\r\n                <div class=\"title-holder\">Mara-Theodora Neac\u0219u<\/div> \r\n                <div class=\"author-bio-content\">\r\n                    <p>Me llamo Mara-Theodora Neac\u0219u, Psic\u00f3loga Cl\u00ednica y Psicoterapeuta y soy la fundadora del proyecto LifeQuality.<\/p>\n                <\/div>\r\n                <div class=\"text-signature\">Mara Neac\u0219u<\/div>                \r\n                \r\n    \t        <div class=\"author-bio-socicons\">\r\n                                            <ul class=\"author-socicons\">\r\n        \t        \t                \t\t            <li class=\"social-share-list\">\r\n                \t\t                <a rel=noopener target=_blank href=\"https:\/\/www.facebook.com\/LifeQuality.cu.MaraNeacsu\">\r\n                                            <i class=\"fab fa-facebook-f\"><\/i>\r\n                                        <\/a>\r\n                \t\t                \r\n                \t\t            <\/li>\r\n            \t\t                            \t\t            <li class=\"social-share-list\">\r\n                \t\t                <a rel=noopener target=_blank href=\"https:\/\/www.instagram.com\/lifequality.with.maraneacsu\/\">\r\n                                            <i class=\"fab fa-instagram\"><\/i>\r\n                                        <\/a>\r\n                \t\t                \r\n                \t\t            <\/li>\r\n            \t\t                                    <\/ul>\r\n                    \t        <\/div>\r\n            <\/div>\r\n\t    <\/div>\r\n        \t\t<\/div>\n\t\t\t\t<\/div>\n\t\t\t\t<div class=\"elementor-element elementor-element-8dd6827 sidebar-service-menu elementor-widget elementor-widget-wp-widget-nav_menu\" data-id=\"8dd6827\" data-element_type=\"widget\" data-widget_type=\"wp-widget-nav_menu.default\">\n\t\t\t\t<div class=\"elementor-widget-container\">\n\t\t\t<h5>Servicii<\/h5><div class=\"menu-servicii-container\"><ul id=\"menu-servicii\" class=\"menu\"><li id=\"menu-item-969\" class=\"menu-item menu-item-type-post_type menu-item-object-page menu-item-969\"><a href=\"https:\/\/lifequality.ro\/es\/servicios\/talleres-y-eventos\/\">Workshop-uri<\/a><\/li>\n<li id=\"menu-item-970\" class=\"menu-item menu-item-type-post_type menu-item-object-page menu-item-970\"><a href=\"https:\/\/lifequality.ro\/es\/servicios\/consejera-de-pareja\/\">Consejera de pareja<\/a><\/li>\n<li id=\"menu-item-971\" class=\"menu-item menu-item-type-post_type menu-item-object-page menu-item-971\"><a href=\"https:\/\/lifequality.ro\/es\/servicios\/terapia-de-grupo\/\">Terapia de grupo<\/a><\/li>\n<li id=\"menu-item-972\" class=\"menu-item menu-item-type-post_type menu-item-object-page menu-item-972\"><a href=\"https:\/\/lifequality.ro\/es\/servicios\/sesion-individual\/\">Sesi\u00f3n individual<\/a><\/li>\n<\/ul><\/div>\t\t<\/div>\n\t\t\t\t<\/div>\n\t\t\t\t\t<\/div>\n\t\t<\/div>\n\t\t\t\t<div class=\"elementor-column elementor-col-25 elementor-top-column elementor-element elementor-element-67a0ae5\" data-id=\"67a0ae5\" data-element_type=\"column\">\n\t\t\t<div class=\"elementor-widget-wrap\">\n\t\t\t\t\t\t\t\t\t<\/div>\n\t\t<\/div>\n\t\t\t\t\t\t\t<\/div>\n\t\t<\/section>\n\t\t\t\t\t\t<\/div>\n\t\t\t\t\t<\/div>\n\t\t","protected":false},"excerpt":{"rendered":"<p>Talleres y Eventos . Se pueden realizar para\u00a0organizaciones, p\u00fablico en general o grupos espec\u00edficos. Los temas que se tratan son del campo de la psicoeducaci\u00f3n, la comunicaci\u00f3n, las estrategias de optimizaci\u00f3n, el mindfulness y mucho m\u00e1s. Para m\u00e1s detalles, me pueden contactar en mara.neacsu@lifequality.ro.<\/p>\n","protected":false},"author":1,"featured_media":0,"parent":482,"menu_order":0,"comment_status":"closed","ping_status":"closed","template":"elementor_header_footer","meta":[],"yoast_head":"<!-- This site is optimized with the Yoast SEO plugin v18.1 - https:\/\/yoast.com\/wordpress\/plugins\/seo\/ -->\n<title>Talleres - Life Quality<\/title>\n<meta name=\"robots\" content=\"index, follow, max-snippet:-1, max-image-preview:large, max-video-preview:-1\" \/>\n<link rel=\"canonical\" href=\"https:\/\/lifequality.ro\/es\/servicios\/talleres-y-eventos\/\" \/>\n<meta property=\"og:locale\" content=\"ro_RO\" \/>\n<meta property=\"og:type\" content=\"article\" \/>\n<meta property=\"og:title\" content=\"Talleres - Life Quality\" \/>\n<meta property=\"og:description\" content=\"Talleres y Eventos . Se pueden realizar para\u00a0organizaciones, p\u00fablico en general o grupos espec\u00edficos. Los temas que se tratan son del campo de la psicoeducaci\u00f3n, la comunicaci\u00f3n, las estrategias de optimizaci\u00f3n, el mindfulness y mucho m\u00e1s. Para m\u00e1s detalles, me pueden contactar en mara.neacsu@lifequality.ro.\" \/>\n<meta property=\"og:url\" content=\"https:\/\/lifequality.ro\/es\/servicios\/talleres-y-eventos\/\" \/>\n<meta property=\"og:site_name\" content=\"Life Quality\" \/>\n<meta property=\"article:modified_time\" content=\"2022-03-25T10:06:15+00:00\" \/>\n<meta name=\"twitter:card\" content=\"summary_large_image\" \/>\n<script type=\"application\/ld+json\" class=\"yoast-schema-graph\">{\"@context\":\"https:\/\/schema.org\",\"@graph\":[{\"@type\":\"WebSite\",\"@id\":\"https:\/\/lifequality.ro\/es\/#website\",\"url\":\"https:\/\/lifequality.ro\/es\/\",\"name\":\"Life Quality\",\"description\":\"Life Quality\",\"potentialAction\":[{\"@type\":\"SearchAction\",\"target\":{\"@type\":\"EntryPoint\",\"urlTemplate\":\"https:\/\/lifequality.ro\/es\/?s={search_term_string}\"},\"query-input\":\"required name=search_term_string\"}],\"inLanguage\":\"ro-RO\"},{\"@type\":\"WebPage\",\"@id\":\"https:\/\/lifequality.ro\/es\/servicios\/talleres-y-eventos\/#webpage\",\"url\":\"https:\/\/lifequality.ro\/es\/servicios\/talleres-y-eventos\/\",\"name\":\"Talleres - Life Quality\",\"isPartOf\":{\"@id\":\"https:\/\/lifequality.ro\/es\/#website\"},\"datePublished\":\"2021-09-23T08:44:17+00:00\",\"dateModified\":\"2022-03-25T10:06:15+00:00\",\"breadcrumb\":{\"@id\":\"https:\/\/lifequality.ro\/es\/servicios\/talleres-y-eventos\/#breadcrumb\"},\"inLanguage\":\"ro-RO\",\"potentialAction\":[{\"@type\":\"ReadAction\",\"target\":[\"https:\/\/lifequality.ro\/es\/servicios\/talleres-y-eventos\/\"]}]},{\"@type\":\"BreadcrumbList\",\"@id\":\"https:\/\/lifequality.ro\/es\/servicios\/talleres-y-eventos\/#breadcrumb\",\"itemListElement\":[{\"@type\":\"ListItem\",\"position\":1,\"name\":\"Home\",\"item\":\"https:\/\/lifequality.ro\/es\/\"},{\"@type\":\"ListItem\",\"position\":2,\"name\":\"Servicios\",\"item\":\"https:\/\/lifequality.ro\/es\/servicios\/\"},{\"@type\":\"ListItem\",\"position\":3,\"name\":\"Talleres\"}]}]}<\/script>\n<!-- \/ Yoast SEO plugin. -->","yoast_head_json":{"title":"Talleres - Life Quality","robots":{"index":"index","follow":"follow","max-snippet":"max-snippet:-1","max-image-preview":"max-image-preview:large","max-video-preview":"max-video-preview:-1"},"canonical":"https:\/\/lifequality.ro\/es\/servicios\/talleres-y-eventos\/","og_locale":"ro_RO","og_type":"article","og_title":"Talleres - Life Quality","og_description":"Talleres y Eventos . Se pueden realizar para\u00a0organizaciones, p\u00fablico en general o grupos espec\u00edficos. Los temas que se tratan son del campo de la psicoeducaci\u00f3n, la comunicaci\u00f3n, las estrategias de optimizaci\u00f3n, el mindfulness y mucho m\u00e1s. Para m\u00e1s detalles, me pueden contactar en mara.neacsu@lifequality.ro.","og_url":"https:\/\/lifequality.ro\/es\/servicios\/talleres-y-eventos\/","og_site_name":"Life Quality","article_modified_time":"2022-03-25T10:06:15+00:00","twitter_card":"summary_large_image","schema":{"@context":"https:\/\/schema.org","@graph":[{"@type":"WebSite","@id":"https:\/\/lifequality.ro\/es\/#website","url":"https:\/\/lifequality.ro\/es\/","name":"Life Quality","description":"Life Quality","potentialAction":[{"@type":"SearchAction","target":{"@type":"EntryPoint","urlTemplate":"https:\/\/lifequality.ro\/es\/?s={search_term_string}"},"query-input":"required name=search_term_string"}],"inLanguage":"ro-RO"},{"@type":"WebPage","@id":"https:\/\/lifequality.ro\/es\/servicios\/talleres-y-eventos\/#webpage","url":"https:\/\/lifequality.ro\/es\/servicios\/talleres-y-eventos\/","name":"Talleres - Life Quality","isPartOf":{"@id":"https:\/\/lifequality.ro\/es\/#website"},"datePublished":"2021-09-23T08:44:17+00:00","dateModified":"2022-03-25T10:06:15+00:00","breadcrumb":{"@id":"https:\/\/lifequality.ro\/es\/servicios\/talleres-y-eventos\/#breadcrumb"},"inLanguage":"ro-RO","potentialAction":[{"@type":"ReadAction","target":["https:\/\/lifequality.ro\/es\/servicios\/talleres-y-eventos\/"]}]},{"@type":"BreadcrumbList","@id":"https:\/\/lifequality.ro\/es\/servicios\/talleres-y-eventos\/#breadcrumb","itemListElement":[{"@type":"ListItem","position":1,"name":"Home","item":"https:\/\/lifequality.ro\/es\/"},{"@type":"ListItem","position":2,"name":"Servicios","item":"https:\/\/lifequality.ro\/es\/servicios\/"},{"@type":"ListItem","position":3,"name":"Talleres"}]}]}},"_links":{"self":[{"href":"https:\/\/lifequality.ro\/es\/wp-json\/wp\/v2\/pages\/960"}],"collection":[{"href":"https:\/\/lifequality.ro\/es\/wp-json\/wp\/v2\/pages"}],"about":[{"href":"https:\/\/lifequality.ro\/es\/wp-json\/wp\/v2\/types\/page"}],"author":[{"embeddable":true,"href":"https:\/\/lifequality.ro\/es\/wp-json\/wp\/v2\/users\/1"}],"replies":[{"embeddable":true,"href":"https:\/\/lifequality.ro\/es\/wp-json\/wp\/v2\/comments?post=960"}],"version-history":[{"count":37,"href":"https:\/\/lifequality.ro\/es\/wp-json\/wp\/v2\/pages\/960\/revisions"}],"predecessor-version":[{"id":2196,"href":"https:\/\/lifequality.ro\/es\/wp-json\/wp\/v2\/pages\/960\/revisions\/2196"}],"up":[{"embeddable":true,"href":"https:\/\/lifequality.ro\/es\/wp-json\/wp\/v2\/pages\/482"}],"wp:attachment":[{"href":"https:\/\/lifequality.ro\/es\/wp-json\/wp\/v2\/media?parent=960"}],"curies":[{"name":"wp","href":"https:\/\/api.w.org\/{rel}","templated":true}]}}